{"id":231202,"date":"2020-10-06T09:30:46","date_gmt":"2020-10-06T08:30:46","guid":{"rendered":"http:\/\/www.upword.fr\/hadassa\/a-propos\/"},"modified":"2024-06-17T20:37:56","modified_gmt":"2024-06-17T19:37:56","slug":"a-propos","status":"publish","type":"page","link":"https:\/\/hadassaguesthouse.com\/de\/a-propos\/","title":{"rendered":"\u00dcber"},"content":{"rendered":"<p>[et_pb_section fb_built=&#8220;1&#8243; _builder_version=&#8220;4.16&#8243; background_image=&#8220;https:\/\/hadassaguesthouse.com\/wp-content\/uploads\/2020\/03\/K2R3924-scaled.jpg&#8220; custom_padding=&#8220;100px||100px||false|false&#8220; global_colors_info=&#8220;{}&#8220;][et_pb_row _builder_version=&#8220;4.16&#8243; width=&#8220;90%&#8220; module_alignment=&#8220;center&#8220; global_colors_info=&#8220;{}&#8220;][et_pb_column type=&#8220;4_4&#8243; _builder_version=&#8220;4.16&#8243; global_colors_info=&#8220;{}&#8220;][et_pb_text _builder_version=&#8220;4.16&#8243; header_font=&#8220;||||||||&#8220; header_text_color=&#8220;#ffffff&#8220; header_font_size=&#8220;60px&#8220; header_line_height=&#8220;1.1em&#8220; header_text_shadow_style=&#8220;preset2&#8243; header_text_shadow_color=&#8220;#000000&#8243; global_colors_info=&#8220;{}&#8220; header_text_shadow_vertical_length__hover_enabled=&#8220;off|desktop&#8220;]<\/p>\n<h1 style=\"text-align: center;\">\u00dcber das G\u00e4stehaus<\/h1>\n<h1 style=\"text-align: center;\"><strong>Hadassa Guest House<\/strong><\/h1>\n<p>[\/et_pb_text][\/et_pb_column][\/et_pb_row][\/et_pb_section][et_pb_section fb_built=&#8220;1&#8243; _builder_version=&#8220;4.16&#8243; custom_padding=&#8220;100px||30px||false|&#8220; global_colors_info=&#8220;{}&#8220;][et_pb_row column_structure=&#8220;3_5,2_5&#8243; _builder_version=&#8220;4.16&#8243; custom_padding=&#8220;||30px||false|false&#8220; global_colors_info=&#8220;{}&#8220;][et_pb_column type=&#8220;3_5&#8243; _builder_version=&#8220;4.16&#8243; global_colors_info=&#8220;{}&#8220;][et_pb_text _builder_version=&#8220;4.16&#8243; custom_margin=&#8220;||||false|false&#8220; global_colors_info=&#8220;{}&#8220;]<\/p>\n<h3><strong>Otjiwarongo<\/strong><\/h3>\n<p>\u201cDer Platz der fetten Rinder!\u201d So wird Otjiwarongo in der Herero Sprache genannt und liegt in der Otjozondjupa Region im Norden Namibias. Es ist eine Gegend die mit den gr\u00f6ssten Rinderfarmen Namibias umgeben ist. Ein kleines historisches Dorf, das sehr viel zu bieten hat.<\/p>\n<p>[\/et_pb_text][\/et_pb_column][et_pb_column type=&#8220;2_5&#8243; _builder_version=&#8220;4.16&#8243; global_colors_info=&#8220;{}&#8220;][et_pb_image src=&#8220;https:\/\/hadassaguesthouse.com\/wp-content\/uploads\/2020\/06\/OTJI-L1100725.jpeg&#8220; title_text=&#8220;OTJI-L1100725&#8243; _builder_version=&#8220;4.16&#8243; transform_translate=&#8220;0px|-10px&#8220; transform_translate_linked=&#8220;off&#8220; width=&#8220;100%&#8220; module_alignment=&#8220;center&#8220; box_shadow_style=&#8220;preset4&#8243; box_shadow_color=&#8220;#d5d59c&#8220; global_colors_info=&#8220;{}&#8220; transform_translate__hover_enabled=&#8220;on|desktop&#8220; box_shadow_horizontal__hover_enabled=&#8220;on|hover&#8220; box_shadow_horizontal__hover=&#8220;-10px&#8220; transform_translate__hover=&#8220;0px|-10px&#8220;][\/et_pb_image][\/et_pb_column][\/et_pb_row][et_pb_row column_structure=&#8220;2_5,3_5&#8243; _builder_version=&#8220;4.16&#8243; custom_padding=&#8220;29px||30px|||&#8220; global_colors_info=&#8220;{}&#8220;][et_pb_column type=&#8220;2_5&#8243; _builder_version=&#8220;4.16&#8243; global_colors_info=&#8220;{}&#8220;][et_pb_image src=&#8220;https:\/\/hadassaguesthouse.com\/wp-content\/uploads\/2020\/03\/K2R4039-scaled.jpg&#8220; _builder_version=&#8220;4.16&#8243; transform_translate_linked=&#8220;off&#8220; width=&#8220;100%&#8220; box_shadow_style=&#8220;preset4&#8243; box_shadow_horizontal=&#8220;-10px&#8220; box_shadow_color=&#8220;#d5d59c&#8220; global_colors_info=&#8220;{}&#8220; transform_translate__hover_enabled=&#8220;on|desktop&#8220; box_shadow_horizontal__hover_enabled=&#8220;on|hover&#8220; box_shadow_horizontal__hover=&#8220;-10px&#8220;][\/et_pb_image][\/et_pb_column][et_pb_column type=&#8220;3_5&#8243; _builder_version=&#8220;4.16&#8243; global_colors_info=&#8220;{}&#8220;][et_pb_text _builder_version=&#8220;4.16&#8243; custom_margin=&#8220;||||false|false&#8220; global_colors_info=&#8220;{}&#8220;]<\/p>\n<h3><strong>Das G\u00e4stehaus:<\/strong><\/h3>\n<p>Hadassa ist die Oase mitten im Busch. Internationale Touristen und lokale G\u00e4ste f\u00fchlen sich hier einfach sehr wohl. Ein herzlicher Empfang hei\u00dft Sie hier auf Franz\u00f6sisch oder Englisch willkommen. 17 Zimmer mit Blick auf entweder Schwimmbad, gr\u00fcner Rasen oder Sukkulenten- Garten mit pers\u00f6nlichem afrikanischen und europ\u00e4ischen Flair werden Ihnen hier angeboten.<\/p>\n<p>[\/et_pb_text][\/et_pb_column][\/et_pb_row][et_pb_row column_structure=&#8220;3_5,2_5&#8243; _builder_version=&#8220;4.16&#8243; custom_padding=&#8220;29px|||||&#8220; global_colors_info=&#8220;{}&#8220;][et_pb_column type=&#8220;3_5&#8243; _builder_version=&#8220;4.16&#8243; global_colors_info=&#8220;{}&#8220;][et_pb_text _builder_version=&#8220;4.16&#8243; custom_margin=&#8220;||||false|false&#8220; global_colors_info=&#8220;{}&#8220;]<\/p>\n<h3><strong>Das Personal von Hadassa<\/strong><\/h3>\n<p>Das Personal von Hadassa, ist hier um ihren Urlaub so angenehm wie m\u00f6glich zu gestalten. Anne und Pascal, die Eigent\u00fcmer, geben sich M\u00fche, jeden Ihrer W\u00fcnsche zu erf\u00fcllen.<\/p>\n<p>[\/et_pb_text][\/et_pb_column][et_pb_column type=&#8220;2_5&#8243; _builder_version=&#8220;4.16&#8243; global_colors_info=&#8220;{}&#8220;][et_pb_image src=&#8220;https:\/\/hadassaguesthouse.com\/wp-content\/uploads\/2023\/11\/IMG_20230214_104644-2.jpg&#8220; title_text=&#8220;IMG_20230214_104644 2&#8243; _builder_version=&#8220;4.25.2&#8243; transform_translate_linked=&#8220;off&#8220; width=&#8220;100%&#8220; hover_enabled=&#8220;0&#8243; box_shadow_style=&#8220;preset4&#8243; box_shadow_color=&#8220;#d5d59c&#8220; global_colors_info=&#8220;{}&#8220; transform_styles__hover_enabled=&#8220;on|desktop&#8220; transform_scale__hover_enabled=&#8220;on|desktop&#8220; transform_translate__hover_enabled=&#8220;on|desktop&#8220; transform_rotate__hover_enabled=&#8220;on|desktop&#8220; transform_skew__hover_enabled=&#8220;on|desktop&#8220; transform_origin__hover_enabled=&#8220;on|desktop&#8220; box_shadow_horizontal__hover_enabled=&#8220;on|hover&#8220; box_shadow_horizontal__hover=&#8220;-10px&#8220; sticky_enabled=&#8220;0&#8243;][\/et_pb_image][\/et_pb_column][\/et_pb_row][\/et_pb_section][et_pb_section fb_built=&#8220;1&#8243; _builder_version=&#8220;4.16&#8243; custom_padding=&#8220;29px|||||&#8220; global_colors_info=&#8220;{}&#8220;][et_pb_row _builder_version=&#8220;4.16&#8243; global_colors_info=&#8220;{}&#8220;][et_pb_column type=&#8220;4_4&#8243; _builder_version=&#8220;4.16&#8243; global_colors_info=&#8220;{}&#8220;][et_pb_text _builder_version=&#8220;4.16&#8243; header_font=&#8220;||||||||&#8220; header_text_color=&#8220;#000000&#8243; header_letter_spacing=&#8220;2px&#8220; header_3_font=&#8220;|||on|||||&#8220; header_3_text_color=&#8220;#4f5b27&#8243; header_3_font_size=&#8220;16px&#8220; header_3_letter_spacing=&#8220;4px&#8220; custom_margin=&#8220;||||false|false&#8220; global_colors_info=&#8220;{}&#8220;]<\/p>\n<h3 style=\"text-align: center;\">Beachten<\/h3>\n<h1 style=\"text-align: center;\">Unsere Kunden sind zufrieden<\/h1>\n<p>[\/et_pb_text][et_pb_divider color=&#8220;#4f5b27&#8243; divider_weight=&#8220;1px&#8220; _builder_version=&#8220;4.16&#8243; background_enable_color=&#8220;off&#8220; width=&#8220;10%&#8220; module_alignment=&#8220;center&#8220; custom_margin=&#8220;||||false|false&#8220; custom_padding=&#8220;||||false|false&#8220; global_colors_info=&#8220;{}&#8220;][\/et_pb_divider][et_pb_slider arrows_custom_color=&#8220;#4f5b27&#8243; _builder_version=&#8220;4.16&#8243; custom_padding=&#8220;0px||0px||false|false&#8220; animation_style=&#8220;slide&#8220; animation_direction=&#8220;left&#8220; animation_intensity_slide=&#8220;6%&#8220; global_colors_info=&#8220;{}&#8220;][et_pb_slide _builder_version=&#8220;4.16&#8243; background_color=&#8220;rgba(0,0,0,0)&#8220; background_enable_color=&#8220;on&#8220; background_layout=&#8220;light&#8220; custom_padding=&#8220;||||false|false&#8220; global_colors_info=&#8220;{}&#8220; sticky_transition=&#8220;on&#8220;]<\/p>\n<p>&#8222;Eine famili\u00e4re Atmosph\u00e4re. Ein komfortables Schlafzimmer. Sehr gutes Preis-Leistungs-Verh\u00e4ltnis.&#8220; &#8211; <strong>Sylvain, France<\/strong> \u00a0 \u00a0<\/p>\n<p>[\/et_pb_slide][et_pb_slide _builder_version=&#8220;4.16&#8243; background_color=&#8220;rgba(0,0,0,0)&#8220; background_enable_color=&#8220;on&#8220; background_layout=&#8220;light&#8220; custom_padding=&#8220;||||false|false&#8220; global_colors_info=&#8220;{}&#8220; sticky_transition=&#8220;on&#8220;]<\/p>\n<p>&#8222;Sehr sch\u00f6ne Zimmer. Super netter Besitzer. Sehr guter Zwischenstopp zwischen Windhoek und Etosha.&#8220; &#8211; <strong>B\u00e9n\u00e9dicte, France<\/strong> \u00a0 \u00a0<\/p>\n<p>[\/et_pb_slide][et_pb_slide _builder_version=&#8220;4.16&#8243; background_color=&#8220;rgba(0,0,0,0)&#8220; background_enable_color=&#8220;on&#8220; background_layout=&#8220;light&#8220; custom_padding=&#8220;||||false|false&#8220; global_colors_info=&#8220;{}&#8220; sticky_transition=&#8220;on&#8220;]<\/p>\n<p>&#8222;Die R\u00e4umlichkeiten wurden mit Geschmack, Modernit\u00e4t renoviert und sind einwandfrei. Einfaches und sicheres Parken, herrlicher Garten, gro\u00dfe schattige Terrassen zum Faulenzen und ein mehr als angenehmer Pool. &#8220; &#8211; <strong>Thibaut, France<\/strong> \u00a0 \u00a0<\/p>\n<p>[\/et_pb_slide][\/et_pb_slider][\/et_pb_column][\/et_pb_row][et_pb_row column_structure=&#8220;1_3,1_3,1_3&#8243; _builder_version=&#8220;4.16&#8243; global_colors_info=&#8220;{}&#8220;][et_pb_column type=&#8220;1_3&#8243; _builder_version=&#8220;4.16&#8243; global_colors_info=&#8220;{}&#8220;][et_pb_number_counter title=&#8220;Booking (91 beachten)&#8220; number=&#8220;9.4&#8243; percent_sign=&#8220;off&#8220; _builder_version=&#8220;4.25.2&#8243; number_text_color=&#8220;#ffffff&#8220; background_color=&#8220;#2f466f&#8220; background_layout=&#8220;dark&#8220; hover_enabled=&#8220;0&#8243; border_radii=&#8220;off|30px||30px|&#8220; border_width_all=&#8220;20px&#8220; border_color_all=&#8220;#2f466f&#8220; global_colors_info=&#8220;{}&#8220; sticky_enabled=&#8220;0&#8243;][\/et_pb_number_counter][\/et_pb_column][et_pb_column type=&#8220;1_3&#8243; _builder_version=&#8220;4.16&#8243; global_colors_info=&#8220;{}&#8220;][et_pb_number_counter title=&#8220;Trip Advisor (209 beachten)&#8220; number=&#8220;4.5&#8243; percent_sign=&#8220;off&#8220; _builder_version=&#8220;4.25.2&#8243; number_text_color=&#8220;#ffffff&#8220; background_color=&#8220;#34e0a1&#8243; background_layout=&#8220;dark&#8220; hover_enabled=&#8220;0&#8243; border_radii=&#8220;off||30px||30px&#8220; border_width_all=&#8220;20px&#8220; border_color_all=&#8220;#34e0a1&#8243; global_colors_info=&#8220;{}&#8220; sticky_enabled=&#8220;0&#8243;][\/et_pb_number_counter][\/et_pb_column][et_pb_column type=&#8220;1_3&#8243; _builder_version=&#8220;4.16&#8243; global_colors_info=&#8220;{}&#8220;][et_pb_number_counter title=&#8220;Google (174 beachten)&#8220; number=&#8220;4.6&#8243; percent_sign=&#8220;off&#8220; _builder_version=&#8220;4.25.2&#8243; number_text_color=&#8220;#ffffff&#8220; background_color=&#8220;#e44134&#8243; background_layout=&#8220;dark&#8220; hover_enabled=&#8220;0&#8243; border_radii=&#8220;off|30px||30px|&#8220; border_width_all=&#8220;20px&#8220; border_color_all=&#8220;#e44134&#8243; global_colors_info=&#8220;{}&#8220; sticky_enabled=&#8220;0&#8243;][\/et_pb_number_counter][\/et_pb_column][\/et_pb_row][\/et_pb_section]<\/p>\n","protected":false},"excerpt":{"rendered":"<p>\u00dcber das G\u00e4stehaus Hadassa Guest HouseOtjiwarongo \u201cDer Platz der fetten Rinder!\u201d So wird Otjiwarongo in der Herero Sprache genannt und liegt in der Otjozondjupa Region im Norden Namibias. Es ist eine Gegend die mit den gr\u00f6ssten Rinderfarmen Namibias umgeben ist. Ein kleines historisches Dorf, das sehr viel zu bieten hat.Das G\u00e4stehaus: Hadassa ist die Oase [&hellip;]<\/p>\n","protected":false},"author":1,"featured_media":0,"parent":0,"menu_order":0,"comment_status":"closed","ping_status":"closed","template":"","meta":{"_et_pb_use_builder":"on","_et_pb_old_content":"","_et_gb_content_width":"","_monsterinsights_skip_tracking":false,"_monsterinsights_sitenote_active":false,"_monsterinsights_sitenote_note":"","_monsterinsights_sitenote_category":0,"footnotes":""},"class_list":["post-231202","page","type-page","status-publish","hentry"],"_links":{"self":[{"href":"https:\/\/hadassaguesthouse.com\/de\/wp-json\/wp\/v2\/pages\/231202","targetHints":{"allow":["GET"]}}],"collection":[{"href":"https:\/\/hadassaguesthouse.com\/de\/wp-json\/wp\/v2\/pages"}],"about":[{"href":"https:\/\/hadassaguesthouse.com\/de\/wp-json\/wp\/v2\/types\/page"}],"author":[{"embeddable":true,"href":"https:\/\/hadassaguesthouse.com\/de\/wp-json\/wp\/v2\/users\/1"}],"replies":[{"embeddable":true,"href":"https:\/\/hadassaguesthouse.com\/de\/wp-json\/wp\/v2\/comments?post=231202"}],"version-history":[{"count":7,"href":"https:\/\/hadassaguesthouse.com\/de\/wp-json\/wp\/v2\/pages\/231202\/revisions"}],"predecessor-version":[{"id":232251,"href":"https:\/\/hadassaguesthouse.com\/de\/wp-json\/wp\/v2\/pages\/231202\/revisions\/232251"}],"wp:attachment":[{"href":"https:\/\/hadassaguesthouse.com\/de\/wp-json\/wp\/v2\/media?parent=231202"}],"curies":[{"name":"wp","href":"https:\/\/api.w.org\/{rel}","templated":true}]}}