{"id":231205,"date":"2020-10-06T09:37:30","date_gmt":"2020-10-06T08:37:30","guid":{"rendered":"http:\/\/www.upword.fr\/hadassa\/accueil\/"},"modified":"2025-01-27T17:16:13","modified_gmt":"2025-01-27T16:16:13","slug":"accueil","status":"publish","type":"page","link":"https:\/\/hadassaguesthouse.com\/de\/","title":{"rendered":"Startseite"},"content":{"rendered":"<p>[et_pb_section fb_built=&#8220;1&#8243; _builder_version=&#8220;4.16&#8243; background_image=&#8220;https:\/\/hadassaguesthouse.com\/wp-content\/uploads\/2020\/01\/K2R4048-scaled.jpg&#8220; background_position=&#8220;bottom_center&#8220; custom_padding=&#8220;150px||150px||true|false&#8220; global_colors_info=&#8220;{}&#8220;][et_pb_row _builder_version=&#8220;4.16&#8243; width=&#8220;90%&#8220; module_alignment=&#8220;center&#8220; global_colors_info=&#8220;{}&#8220;][et_pb_column type=&#8220;4_4&#8243; _builder_version=&#8220;4.16&#8243; global_colors_info=&#8220;{}&#8220;][et_pb_text _builder_version=&#8220;4.16&#8243; header_font=&#8220;||||||||&#8220; header_text_color=&#8220;#ffffff&#8220; header_font_size=&#8220;50px&#8220; width=&#8220;100%&#8220; module_alignment=&#8220;center&#8220; header_text_shadow_style=&#8220;preset2&#8243; header_text_shadow_color=&#8220;#000000&#8243; global_colors_info=&#8220;{}&#8220; header_text_shadow_vertical_length__hover_enabled=&#8220;off|desktop&#8220;]<\/p>\n<h1 style=\"text-align: center;\">Entdecken Sie die Wunder Namibias in <strong>Otjiwarongo<\/strong><\/h1>\n<p>[\/et_pb_text][\/et_pb_column][\/et_pb_row][\/et_pb_section][et_pb_section fb_built=&#8220;1&#8243; _builder_version=&#8220;4.16&#8243; custom_padding=&#8220;0px||||false|false&#8220; global_colors_info=&#8220;{}&#8220;][et_pb_row _builder_version=&#8220;4.16&#8243; module_alignment=&#8220;center&#8220; custom_margin=&#8220;|auto|||false|false&#8220; custom_padding=&#8220;100px||||false|false&#8220; global_colors_info=&#8220;{}&#8220;][et_pb_column type=&#8220;4_4&#8243; _builder_version=&#8220;4.16&#8243; global_colors_info=&#8220;{}&#8220;][et_pb_text _builder_version=&#8220;4.16&#8243; header_font=&#8220;||||||||&#8220; header_text_color=&#8220;#000000&#8243; header_letter_spacing=&#8220;2px&#8220; header_3_font=&#8220;|||on|||||&#8220; header_3_text_color=&#8220;#4f5b27&#8243; header_3_font_size=&#8220;16px&#8220; header_3_letter_spacing=&#8220;4px&#8220; global_colors_info=&#8220;{}&#8220;]<\/p>\n<h3 style=\"text-align: center;\">\u00dcber<\/h3>\n<h1 style=\"text-align: center;\">Hadassa Guest House, Hei\u00dft Sie herzlich willkommen bei uns<\/h1>\n<p>[\/et_pb_text][et_pb_divider color=&#8220;#4f5b27&#8243; divider_weight=&#8220;1px&#8220; _builder_version=&#8220;4.16&#8243; background_enable_color=&#8220;off&#8220; width=&#8220;10%&#8220; module_alignment=&#8220;center&#8220; custom_margin=&#8220;||||false|false&#8220; custom_padding=&#8220;||||false|false&#8220; global_colors_info=&#8220;{}&#8220;][\/et_pb_divider][\/et_pb_column][\/et_pb_row][et_pb_row column_structure=&#8220;1_2,1_2&#8243; _builder_version=&#8220;4.16&#8243; global_colors_info=&#8220;{}&#8220;][et_pb_column type=&#8220;1_2&#8243; _builder_version=&#8220;4.16&#8243; global_colors_info=&#8220;{}&#8220;][et_pb_image src=&#8220;https:\/\/hadassaguesthouse.com\/wp-content\/uploads\/2020\/03\/K2R3996-1-scaled.jpg&#8220; url=&#8220;@ET-DC@eyJkeW5hbWljIjp0cnVlLCJjb250ZW50IjoicG9zdF9saW5rX3VybF9wYWdlIiwic2V0dGluZ3MiOnsicG9zdF9pZCI6IjE2In19@&#8220; _builder_version=&#8220;4.16&#8243; _dynamic_attributes=&#8220;url&#8220; box_shadow_style=&#8220;preset4&#8243; box_shadow_horizontal=&#8220;-10px&#8220; box_shadow_vertical=&#8220;-10px&#8220; box_shadow_color=&#8220;#d5d59c&#8220; global_colors_info=&#8220;{}&#8220; box_shadow_horizontal__hover_enabled=&#8220;on|hover&#8220; box_shadow_horizontal__hover=&#8220;-10px&#8220;][\/et_pb_image][\/et_pb_column][et_pb_column type=&#8220;1_2&#8243; _builder_version=&#8220;4.16&#8243; global_colors_info=&#8220;{}&#8220;][et_pb_text _builder_version=&#8220;4.16&#8243; global_colors_info=&#8220;{}&#8220;]<\/p>\n<h3>Eine Oase mitten im Busch<\/h3>\n<p>Das Guesthouse liegt ideal zwischen Windhoek und den n\u00f6rdlichen Regionen, neben dem Waterberg-Nationalpark und nur 1 Stunde 15 vom Etosha-Nationalpark entfernt. Es ist ein idealer Zwischenstopp, um den Reichtum der Gepardenhauptstadt der Welt zu erkunden. Die meisten Hadassa-Mitarbeiter waren seit der Gr\u00fcndung des G\u00e4stehauses anwesend. Sie sind in Bezug auf die Anforderungen an die Gastfreundschaft geschult und k\u00f6nnen Ihrem Aufenthalt ein L\u00e4cheln verleihen.<\/p>\n<p>[\/et_pb_text][et_pb_button button_url=&#8220;@ET-DC@eyJkeW5hbWljIjp0cnVlLCJjb250ZW50IjoicG9zdF9saW5rX3VybF9wYWdlIiwic2V0dGluZ3MiOnsicG9zdF9pZCI6IjE2In19@&#8220; button_text=&#8220;Mehr wissen&#8220; _builder_version=&#8220;4.16&#8243; _dynamic_attributes=&#8220;button_url&#8220; custom_button=&#8220;on&#8220; button_text_size=&#8220;18px&#8220; button_border_width=&#8220;0px&#8220; button_border_radius=&#8220;0px&#8220; button_font=&#8220;|600|||||||&#8220; button_icon=&#8220;&#xe04e;||divi||400&#8243; button_icon_color=&#8220;#7a7e5e&#8220; global_colors_info=&#8220;{}&#8220; button_letter_spacing__hover_enabled=&#8220;on|desktop&#8220; button_letter_spacing__hover=&#8220;1px&#8220;][\/et_pb_button][\/et_pb_column][\/et_pb_row][\/et_pb_section][et_pb_section fb_built=&#8220;1&#8243; _builder_version=&#8220;4.16&#8243; background_color=&#8220;rgba(96,96,96,0.57)&#8220; background_image=&#8220;https:\/\/hadassaguesthouse.com\/wp-content\/uploads\/2020\/02\/K2R3813x-scaled.jpg&#8220; parallax=&#8220;on&#8220; parallax_method=&#8220;off&#8220; custom_margin=&#8220;0px|0px|0px|0px|false|false&#8220; custom_padding=&#8220;0px|0px|0px|0px|false|false&#8220; border_color_all=&#8220;#4f5b27&#8243; global_colors_info=&#8220;{}&#8220;][et_pb_row use_custom_gutter=&#8220;on&#8220; gutter_width=&#8220;1&#8243; _builder_version=&#8220;4.16&#8243; background_color=&#8220;rgba(255,255,255,0.09)&#8220; width=&#8220;100%&#8220; max_width=&#8220;1920px&#8220; module_alignment=&#8220;center&#8220; custom_margin=&#8220;|0px||0px|false|false&#8220; custom_padding=&#8220;45px|0px|45px|0px|true|false&#8220; global_colors_info=&#8220;{}&#8220;][et_pb_column type=&#8220;4_4&#8243; _builder_version=&#8220;4.16&#8243; global_colors_info=&#8220;{}&#8220;][et_pb_text _builder_version=&#8220;4.16&#8243; header_font=&#8220;||||||||&#8220; header_text_color=&#8220;#ffffff&#8220; header_letter_spacing=&#8220;2px&#8220; header_3_font=&#8220;|800||on|||||&#8220; header_3_text_color=&#8220;#d76635&#8243; header_3_letter_spacing=&#8220;10px&#8220; background_enable_color=&#8220;off&#8220; width=&#8220;65%&#8220; module_alignment=&#8220;center&#8220; custom_margin=&#8220;||20px||false|false&#8220; custom_padding=&#8220;15px|15px|0px|15px|false|false&#8220; animation_style=&#8220;zoom&#8220; text_text_shadow_style=&#8220;preset1&#8243; global_colors_info=&#8220;{}&#8220;]<\/p>\n<h3 style=\"text-align: center;\">Neu<\/h3>\n<h1 style=\"text-align: center;\">Nutzen Sie unseren Entspannungs- und Cateringbereich<\/h1>\n<p>[\/et_pb_text][et_pb_button button_url=&#8220;@ET-DC@eyJkeW5hbWljIjp0cnVlLCJjb250ZW50IjoicG9zdF9saW5rX3VybF9wYWdlIiwic2V0dGluZ3MiOnsicG9zdF9pZCI6IjIyOTk4OCJ9fQ==@&#8220; button_text=&#8220;Mehr wissen&#8220; button_alignment=&#8220;center&#8220; _builder_version=&#8220;4.16&#8243; _dynamic_attributes=&#8220;button_url&#8220; custom_button=&#8220;on&#8220; button_text_size=&#8220;18px&#8220; button_text_color=&#8220;#7a7e5e&#8220; button_bg_color=&#8220;#d5d59c&#8220; button_border_width=&#8220;0px&#8220; button_border_radius=&#8220;3px&#8220; button_font=&#8220;|600|||||||&#8220; button_icon=&#8220;&#xe04e;||divi||400&#8243; button_icon_color=&#8220;#7a7e5e&#8220; global_colors_info=&#8220;{}&#8220; button_letter_spacing__hover_enabled=&#8220;on|desktop&#8220; button_letter_spacing__hover=&#8220;1px&#8220;][\/et_pb_button][\/et_pb_column][\/et_pb_row][\/et_pb_section][et_pb_section fb_built=&#8220;1&#8243; _builder_version=&#8220;4.16&#8243; background_color=&#8220;#d5d59c&#8220; background_color_gradient_direction=&#8220;90deg&#8220; global_colors_info=&#8220;{}&#8220;][et_pb_row custom_padding_last_edited=&#8220;on|phone&#8220; _builder_version=&#8220;4.16&#8243; custom_padding_tablet=&#8220;&#8220; custom_padding_phone=&#8220;||0px||false|false&#8220; global_colors_info=&#8220;{}&#8220;][et_pb_column type=&#8220;4_4&#8243; _builder_version=&#8220;4.16&#8243; global_colors_info=&#8220;{}&#8220;][et_pb_text _builder_version=&#8220;4.16&#8243; header_font=&#8220;||||||||&#8220; header_text_color=&#8220;#000000&#8243; header_letter_spacing=&#8220;2px&#8220; header_3_font=&#8220;|||on|||||&#8220; header_3_text_color=&#8220;#4f5b27&#8243; header_3_font_size=&#8220;16px&#8220; header_3_letter_spacing=&#8220;4px&#8220; global_colors_info=&#8220;{}&#8220;]<\/p>\n<h3 style=\"text-align: center;\">Die R\u00e4ume<\/h3>\n<h1 style=\"text-align: center;\">Luxus in Otjiwarongo, Namibia<\/h1>\n<p>[\/et_pb_text][et_pb_divider color=&#8220;#4f5b27&#8243; divider_weight=&#8220;1px&#8220; _builder_version=&#8220;4.16&#8243; background_enable_color=&#8220;off&#8220; width=&#8220;10%&#8220; module_alignment=&#8220;center&#8220; custom_margin=&#8220;||||false|false&#8220; custom_padding=&#8220;||||false|false&#8220; global_colors_info=&#8220;{}&#8220;][\/et_pb_divider][\/et_pb_column][\/et_pb_row][et_pb_row column_structure=&#8220;1_2,1_2&#8243; _builder_version=&#8220;4.16&#8243; custom_margin=&#8220;-4px|auto||auto||&#8220; global_colors_info=&#8220;{}&#8220;][et_pb_column type=&#8220;1_2&#8243; _builder_version=&#8220;4.16&#8243; global_colors_info=&#8220;{}&#8220;][et_pb_text _builder_version=&#8220;4.25.2&#8243; _dynamic_attributes=&#8220;link_option_url&#8220; header_2_text_color=&#8220;#ffffff&#8220; header_2_font_size=&#8220;30px&#8220; background_color=&#8220;#4f5b27&#8243; background_image=&#8220;https:\/\/hadassaguesthouse.com\/wp-content\/uploads\/2020\/01\/K2R3323-scaled.jpg&#8220; transform_translate_linked__hover=&#8220;off&#8220; background_layout=&#8220;dark&#8220; min_height=&#8220;300px&#8220; custom_padding=&#8220;10px||0px|10px|false|false&#8220; link_option_url=&#8220;@ET-DC@eyJkeW5hbWljIjp0cnVlLCJjb250ZW50IjoicG9zdF9saW5rX3VybF9wYWdlIiwic2V0dGluZ3MiOnsicG9zdF9pZCI6IjIyOTgzMiJ9fQ==@&#8220; header_2_text_shadow_style=&#8220;preset2&#8243; global_colors_info=&#8220;{}&#8220; transform_styles__hover_enabled=&#8220;on|hover&#8220; transform_scale__hover_enabled=&#8220;on|hover&#8220; transform_translate__hover_enabled=&#8220;on|hover&#8220; transform_rotate__hover_enabled=&#8220;on|desktop&#8220; transform_skew__hover_enabled=&#8220;on|desktop&#8220; transform_origin__hover_enabled=&#8220;on|desktop&#8220; background__hover_enabled=&#8220;on|hover&#8220; border_radii__hover_enabled=&#8220;on|hover&#8220;]<\/p>\n<h2><strong>Standardzimmer<\/strong><\/h2>\n<p>Ab 1300 NAD<\/p>\n<p>[\/et_pb_text][\/et_pb_column][et_pb_column type=&#8220;1_2&#8243; _builder_version=&#8220;4.16&#8243; global_colors_info=&#8220;{}&#8220;][et_pb_text _builder_version=&#8220;4.16&#8243; _dynamic_attributes=&#8220;link_option_url&#8220; header_2_text_color=&#8220;#ffffff&#8220; header_2_font_size=&#8220;30px&#8220; background_color=&#8220;#4f5b27&#8243; background_image=&#8220;https:\/\/hadassaguesthouse.com\/wp-content\/uploads\/2020\/01\/K2R3028-scaled.jpg&#8220; transform_translate_linked__hover=&#8220;off&#8220; background_layout=&#8220;dark&#8220; min_height=&#8220;300px&#8220; custom_padding=&#8220;10px||0px|10px|false|false&#8220; link_option_url=&#8220;@ET-DC@eyJkeW5hbWljIjp0cnVlLCJjb250ZW50IjoicG9zdF9saW5rX3VybF9wYWdlIiwic2V0dGluZ3MiOnsicG9zdF9pZCI6IjE4In19@&#8220; header_2_text_shadow_style=&#8220;preset2&#8243; global_colors_info=&#8220;{}&#8220; transform_styles__hover_enabled=&#8220;on|hover&#8220; transform_scale__hover_enabled=&#8220;on|hover&#8220; transform_translate__hover_enabled=&#8220;on|hover&#8220; transform_rotate__hover_enabled=&#8220;on|desktop&#8220; transform_skew__hover_enabled=&#8220;on|desktop&#8220; transform_origin__hover_enabled=&#8220;on|desktop&#8220; background__hover_enabled=&#8220;on|hover&#8220; border_radii__hover_enabled=&#8220;on|hover&#8220;]<\/p>\n<h2><strong>Luxuszimmer<\/strong><\/h2>\n<p>Ab 1600 NAD<\/p>\n<p>[\/et_pb_text][\/et_pb_column][\/et_pb_row][et_pb_row _builder_version=&#8220;4.16&#8243; global_colors_info=&#8220;{}&#8220;][et_pb_column type=&#8220;4_4&#8243; _builder_version=&#8220;4.16&#8243; global_colors_info=&#8220;{}&#8220;][et_pb_button button_url=&#8220;@ET-DC@eyJkeW5hbWljIjp0cnVlLCJjb250ZW50IjoicG9zdF9saW5rX3VybF9wYWdlIiwic2V0dGluZ3MiOnsicG9zdF9pZCI6IjE4In19@&#8220; button_text=&#8220;Sehen Sie alle unsere Zimmer&#8220; button_alignment=&#8220;center&#8220; _builder_version=&#8220;4.16&#8243; _dynamic_attributes=&#8220;button_url&#8220; custom_button=&#8220;on&#8220; button_text_size=&#8220;18px&#8220; button_border_width=&#8220;0px&#8220; button_border_radius=&#8220;0px&#8220; button_font=&#8220;|600|||||||&#8220; button_icon=&#8220;&#xe04e;||divi||400&#8243; button_icon_color=&#8220;#7a7e5e&#8220; global_colors_info=&#8220;{}&#8220; button_letter_spacing__hover_enabled=&#8220;on|desktop&#8220; button_letter_spacing__hover=&#8220;1px&#8220;][\/et_pb_button][\/et_pb_column][\/et_pb_row][\/et_pb_section][et_pb_section fb_built=&#8220;1&#8243; _builder_version=&#8220;4.16&#8243; global_colors_info=&#8220;{}&#8220;][et_pb_row custom_padding_last_edited=&#8220;on|phone&#8220; _builder_version=&#8220;4.16&#8243; custom_padding_tablet=&#8220;&#8220; custom_padding_phone=&#8220;||0px||false|false&#8220; global_colors_info=&#8220;{}&#8220;][et_pb_column type=&#8220;4_4&#8243; _builder_version=&#8220;4.16&#8243; global_colors_info=&#8220;{}&#8220;][et_pb_text _builder_version=&#8220;4.16&#8243; header_font=&#8220;||||||||&#8220; header_text_color=&#8220;#000000&#8243; header_letter_spacing=&#8220;2px&#8220; header_3_font=&#8220;|||on|||||&#8220; header_3_text_color=&#8220;#4f5b27&#8243; header_3_font_size=&#8220;16px&#8220; header_3_letter_spacing=&#8220;4px&#8220; custom_margin=&#8220;||||false|false&#8220; global_colors_info=&#8220;{}&#8220;]<\/p>\n<h3 style=\"text-align: center;\">Aktivit\u00e4ten<\/h3>\n<h1 style=\"text-align: center;\">Was in Ojtiwarongo zu tun<\/h1>\n<p>[\/et_pb_text][et_pb_divider color=&#8220;#4f5b27&#8243; divider_weight=&#8220;1px&#8220; _builder_version=&#8220;4.16&#8243; background_enable_color=&#8220;off&#8220; width=&#8220;10%&#8220; module_alignment=&#8220;center&#8220; custom_margin=&#8220;||||false|false&#8220; custom_padding=&#8220;||||false|false&#8220; global_colors_info=&#8220;{}&#8220;][\/et_pb_divider][\/et_pb_column][\/et_pb_row][et_pb_row column_structure=&#8220;1_2,1_2&#8243; _builder_version=&#8220;4.16&#8243; global_colors_info=&#8220;{}&#8220;][et_pb_column type=&#8220;1_2&#8243; _builder_version=&#8220;4.16&#8243; global_colors_info=&#8220;{}&#8220;][et_pb_image src=&#8220;https:\/\/hadassaguesthouse.com\/wp-content\/uploads\/2020\/02\/L1050969-scaled.jpg&#8220; _builder_version=&#8220;4.16&#8243; transform_translate_linked=&#8220;off&#8220; width=&#8220;80%&#8220; box_shadow_style=&#8220;preset4&#8243; box_shadow_color=&#8220;#d5d59c&#8220; global_colors_info=&#8220;{}&#8220; transform_styles__hover_enabled=&#8220;on|desktop&#8220; transform_scale__hover_enabled=&#8220;on|desktop&#8220; transform_translate__hover_enabled=&#8220;on|desktop&#8220; transform_rotate__hover_enabled=&#8220;on|desktop&#8220; transform_skew__hover_enabled=&#8220;on|desktop&#8220; transform_origin__hover_enabled=&#8220;on|desktop&#8220; box_shadow_horizontal__hover_enabled=&#8220;on|hover&#8220; box_shadow_horizontal__hover=&#8220;-10px&#8220;][\/et_pb_image][\/et_pb_column][et_pb_column type=&#8220;1_2&#8243; _builder_version=&#8220;4.16&#8243; global_colors_info=&#8220;{}&#8220;][et_pb_text _builder_version=&#8220;4.16&#8243; global_colors_info=&#8220;{}&#8220;]<\/p>\n<h3><strong>Peri Naua Stiftung:<\/strong><\/h3>\n<p>Dies ist eine namibisch\/franz\u00f6sische Stiftung die im Jahre 2002 in Otjiwarongo gegr\u00fcndet wurde. \u201cPERI NAUA\u201d hei\u00dft in Herero, \u201cAlles ist gut\u201d, und setzt sich f\u00fcr die Bildung der hiesigen Kinder ein.<\/p>\n<p>[\/et_pb_text][\/et_pb_column][\/et_pb_row][et_pb_row column_structure=&#8220;1_2,1_2&#8243; _builder_version=&#8220;4.16&#8243; global_colors_info=&#8220;{}&#8220;][et_pb_column type=&#8220;1_2&#8243; _builder_version=&#8220;4.16&#8243; global_colors_info=&#8220;{}&#8220;][et_pb_text _builder_version=&#8220;4.16&#8243; global_colors_info=&#8220;{}&#8220;]<\/p>\n<h3><strong>CCF oder Cheetah Conservation Fund:<\/strong><\/h3>\n<p>Der Fokus dieses Projektes liegt darin, die Geparden Namibias und deren Habitat zu besch\u00fctzen und zu studieren. Es werden verschiedene Aktivit\u00e4ten vom CCF angeboten. Bitte fragen Sie an der Rezeption nach.<\/p>\n<p>[\/et_pb_text][\/et_pb_column][et_pb_column type=&#8220;1_2&#8243; _builder_version=&#8220;4.16&#8243; global_colors_info=&#8220;{}&#8220;][et_pb_image src=&#8220;https:\/\/hadassaguesthouse.com\/wp-content\/uploads\/2020\/02\/cheetah-864747_640.jpg&#8220; _builder_version=&#8220;4.16&#8243; transform_translate=&#8220;0px|-10px&#8220; transform_translate_linked=&#8220;off&#8220; width=&#8220;80%&#8220; box_shadow_style=&#8220;preset4&#8243; box_shadow_color=&#8220;#d5d59c&#8220; global_colors_info=&#8220;{}&#8220; transform_translate__hover_enabled=&#8220;on|desktop&#8220; box_shadow_horizontal__hover_enabled=&#8220;on|hover&#8220; box_shadow_horizontal__hover=&#8220;-10px&#8220; transform_translate__hover=&#8220;0px|-10px&#8220;][\/et_pb_image][\/et_pb_column][\/et_pb_row][et_pb_row column_structure=&#8220;1_2,1_2&#8243; _builder_version=&#8220;4.16&#8243; global_colors_info=&#8220;{}&#8220;][et_pb_column type=&#8220;1_2&#8243; _builder_version=&#8220;4.16&#8243; global_colors_info=&#8220;{}&#8220;][et_pb_image src=&#8220;https:\/\/hadassaguesthouse.com\/wp-content\/uploads\/2020\/02\/fish-974680_640.jpg&#8220; _builder_version=&#8220;4.16&#8243; transform_translate_linked=&#8220;off&#8220; width=&#8220;80%&#8220; box_shadow_style=&#8220;preset4&#8243; box_shadow_vertical=&#8220;-10px&#8220; box_shadow_color=&#8220;#d5d59c&#8220; global_colors_info=&#8220;{}&#8220; transform_translate__hover_enabled=&#8220;on|desktop&#8220; box_shadow_horizontal__hover_enabled=&#8220;on|hover&#8220; box_shadow_horizontal__hover=&#8220;-10px&#8220;][\/et_pb_image][\/et_pb_column][et_pb_column type=&#8220;1_2&#8243; _builder_version=&#8220;4.16&#8243; global_colors_info=&#8220;{}&#8220;][et_pb_text _builder_version=&#8220;4.16&#8243; global_colors_info=&#8220;{}&#8220;]<\/p>\n<h3><strong>Otjiwarongo Krokodil Farm:<\/strong><\/h3>\n<p>Dies ist die einzigste und gr\u00f6sste Krokodil Farm Namibia\u2018s. Hier k\u00f6nnen Sie die prehistorischen Tiere hautnah erleben.<\/p>\n<p>[\/et_pb_text][\/et_pb_column][\/et_pb_row][et_pb_row _builder_version=&#8220;4.16&#8243; global_colors_info=&#8220;{}&#8220;][et_pb_column type=&#8220;4_4&#8243; _builder_version=&#8220;4.16&#8243; global_colors_info=&#8220;{}&#8220;][et_pb_button button_url=&#8220;@ET-DC@eyJkeW5hbWljIjp0cnVlLCJjb250ZW50IjoicG9zdF9saW5rX3VybF9wYWdlIiwic2V0dGluZ3MiOnsicG9zdF9pZCI6IjI0In19@&#8220; button_text=&#8220;Aktivit\u00e4ten&#8220; button_alignment=&#8220;center&#8220; _builder_version=&#8220;4.16&#8243; _dynamic_attributes=&#8220;button_url&#8220; custom_button=&#8220;on&#8220; button_text_size=&#8220;18px&#8220; button_border_width=&#8220;0px&#8220; button_border_radius=&#8220;0px&#8220; button_font=&#8220;|600|||||||&#8220; button_icon=&#8220;&#xe04e;||divi||400&#8243; button_icon_color=&#8220;#7a7e5e&#8220; global_colors_info=&#8220;{}&#8220; button_letter_spacing__hover=&#8220;1px&#8220; button_letter_spacing__hover_enabled=&#8220;on|desktop&#8220;][\/et_pb_button][\/et_pb_column][\/et_pb_row][\/et_pb_section]<\/p>\n","protected":false},"excerpt":{"rendered":"<p>Entdecken Sie die Wunder Namibias in Otjiwarongo\u00dcber Hadassa Guest House, Hei\u00dft Sie herzlich willkommen bei unsEine Oase mitten im Busch Das Guesthouse liegt ideal zwischen Windhoek und den n\u00f6rdlichen Regionen, neben dem Waterberg-Nationalpark und nur 1 Stunde 15 vom Etosha-Nationalpark entfernt. Es ist ein idealer Zwischenstopp, um den Reichtum der Gepardenhauptstadt der Welt zu erkunden. [&hellip;]<\/p>\n","protected":false},"author":1,"featured_media":0,"parent":0,"menu_order":0,"comment_status":"closed","ping_status":"closed","template":"","meta":{"_et_pb_use_builder":"on","_et_pb_old_content":"","_et_gb_content_width":"","_monsterinsights_skip_tracking":false,"_monsterinsights_sitenote_active":false,"_monsterinsights_sitenote_note":"","_monsterinsights_sitenote_category":0,"footnotes":""},"class_list":["post-231205","page","type-page","status-publish","hentry"],"_links":{"self":[{"href":"https:\/\/hadassaguesthouse.com\/de\/wp-json\/wp\/v2\/pages\/231205","targetHints":{"allow":["GET"]}}],"collection":[{"href":"https:\/\/hadassaguesthouse.com\/de\/wp-json\/wp\/v2\/pages"}],"about":[{"href":"https:\/\/hadassaguesthouse.com\/de\/wp-json\/wp\/v2\/types\/page"}],"author":[{"embeddable":true,"href":"https:\/\/hadassaguesthouse.com\/de\/wp-json\/wp\/v2\/users\/1"}],"replies":[{"embeddable":true,"href":"https:\/\/hadassaguesthouse.com\/de\/wp-json\/wp\/v2\/comments?post=231205"}],"version-history":[{"count":7,"href":"https:\/\/hadassaguesthouse.com\/de\/wp-json\/wp\/v2\/pages\/231205\/revisions"}],"predecessor-version":[{"id":232392,"href":"https:\/\/hadassaguesthouse.com\/de\/wp-json\/wp\/v2\/pages\/231205\/revisions\/232392"}],"wp:attachment":[{"href":"https:\/\/hadassaguesthouse.com\/de\/wp-json\/wp\/v2\/media?parent=231205"}],"curies":[{"name":"wp","href":"https:\/\/api.w.org\/{rel}","templated":true}]}}