{"id":231212,"date":"2020-10-06T09:39:54","date_gmt":"2020-10-06T08:39:54","guid":{"rendered":"http:\/\/www.upword.fr\/hadassa\/accommodation\/"},"modified":"2024-06-17T20:48:51","modified_gmt":"2024-06-17T19:48:51","slug":"accommodation","status":"publish","type":"page","link":"https:\/\/hadassaguesthouse.com\/de\/accommodation\/","title":{"rendered":"R\u00e4ume"},"content":{"rendered":"<p>[et_pb_section fb_built=&#8220;1&#8243; _builder_version=&#8220;4.16&#8243; background_image=&#8220;https:\/\/hadassaguesthouse.com\/wp-content\/uploads\/2020\/01\/K2R3028-scaled.jpg&#8220; z_index=&#8220;0&#8243; custom_padding=&#8220;100px||100px||false|false&#8220; filter_saturate=&#8220;63%&#8220; global_colors_info=&#8220;{}&#8220;][et_pb_row _builder_version=&#8220;4.16&#8243; width=&#8220;90%&#8220; module_alignment=&#8220;center&#8220; global_colors_info=&#8220;{}&#8220;][et_pb_column type=&#8220;4_4&#8243; _builder_version=&#8220;4.16&#8243; global_colors_info=&#8220;{}&#8220;][et_pb_text _builder_version=&#8220;4.16&#8243; header_font=&#8220;||||||||&#8220; header_text_color=&#8220;#ffffff&#8220; header_font_size=&#8220;56px&#8220; header_line_height=&#8220;1.1em&#8220; header_text_shadow_style=&#8220;preset2&#8243; header_text_shadow_color=&#8220;#000000&#8243; global_colors_info=&#8220;{}&#8220; header_text_shadow_vertical_length__hover_enabled=&#8220;off|desktop&#8220;]<\/p>\n<h1 style=\"text-align: center;\"><strong>Genie\u00dfen Sie einen komfortablen Aufenthalt in Otjiwarongo<\/strong><\/h1>\n<p>[\/et_pb_text][\/et_pb_column][\/et_pb_row][\/et_pb_section][et_pb_section fb_built=&#8220;1&#8243; _builder_version=&#8220;4.16&#8243; global_colors_info=&#8220;{}&#8220;][et_pb_row _builder_version=&#8220;4.16&#8243; width=&#8220;60%&#8220; module_alignment=&#8220;center&#8220; custom_margin=&#8220;||||false|false&#8220; custom_padding=&#8220;50px||||false|false&#8220; global_colors_info=&#8220;{}&#8220;][et_pb_column type=&#8220;4_4&#8243; _builder_version=&#8220;4.16&#8243; global_colors_info=&#8220;{}&#8220;][et_pb_text _builder_version=&#8220;4.16&#8243; custom_margin=&#8220;-50px||||false|false&#8220; custom_padding=&#8220;||30px||false|false&#8220; global_colors_info=&#8220;{}&#8220;]<\/p>\n<h3 style=\"text-align: center;\">R\u00e4ume<\/h3>\n<h1 style=\"text-align: center;\">In Hadassa muss ein Zimmer f\u00fcr Sie sein<\/h1>\n<p>[\/et_pb_text][et_pb_divider color=&#8220;#4f5b27&#8243; divider_weight=&#8220;1px&#8220; _builder_version=&#8220;4.16&#8243; background_enable_color=&#8220;off&#8220; width=&#8220;10%&#8220; module_alignment=&#8220;center&#8220; custom_margin=&#8220;||||false|false&#8220; custom_padding=&#8220;||||false|false&#8220; global_colors_info=&#8220;{}&#8220;][\/et_pb_divider][\/et_pb_column][\/et_pb_row][et_pb_row column_structure=&#8220;1_2,1_2&#8243; _builder_version=&#8220;4.16&#8243; global_colors_info=&#8220;{}&#8220;][et_pb_column type=&#8220;1_2&#8243; _builder_version=&#8220;4.16&#8243; global_colors_info=&#8220;{}&#8220;][et_pb_image src=&#8220;https:\/\/hadassaguesthouse.com\/wp-content\/uploads\/2020\/01\/K2R3323-scaled.jpg&#8220; alt=&#8220;Standard Doppelzimmer&#8220; title_text=&#8220;Hadassa Guest House Publicity Shoot&#8220; url=&#8220;@ET-DC@eyJkeW5hbWljIjp0cnVlLCJjb250ZW50IjoicG9zdF9saW5rX3VybF9wYWdlIiwic2V0dGluZ3MiOnsicG9zdF9pZCI6IjIyOTgzMiJ9fQ==@&#8220; _builder_version=&#8220;4.16&#8243; _dynamic_attributes=&#8220;url&#8220; global_colors_info=&#8220;{}&#8220;][\/et_pb_image][et_pb_text _builder_version=&#8220;4.25.2&#8243; header_3_text_color=&#8220;#ffffff&#8220; custom_margin=&#8220;-50px||||false|false&#8220; custom_padding=&#8220;||30px||false|false&#8220; hover_enabled=&#8220;0&#8243; global_colors_info=&#8220;{}&#8220; sticky_enabled=&#8220;0&#8243;]<\/p>\n<h3>Standardzimmer<\/h3>\n<p>[\/et_pb_text][et_pb_image src=&#8220;https:\/\/hadassaguesthouse.com\/wp-content\/uploads\/2020\/03\/K2R2964-scaled.jpg&#8220; title_text=&#8220;Hadassa Guest House Publicity Shoot&#8220; url=&#8220;@ET-DC@eyJkeW5hbWljIjp0cnVlLCJjb250ZW50IjoicG9zdF9saW5rX3VybF9wYWdlIiwic2V0dGluZ3MiOnsicG9zdF9pZCI6IjIyOTk5MiJ9fQ==@&#8220; _builder_version=&#8220;4.16&#8243; _dynamic_attributes=&#8220;url&#8220; global_colors_info=&#8220;{}&#8220;][\/et_pb_image][et_pb_text _builder_version=&#8220;4.16&#8243; header_3_text_color=&#8220;#ffffff&#8220; custom_margin=&#8220;-50px||||false|false&#8220; custom_padding=&#8220;||30px||false|false&#8220; global_colors_info=&#8220;{}&#8220;]<\/p>\n<h3><strong>Luxus Doppelzimmer<\/strong><\/h3>\n<p>[\/et_pb_text][\/et_pb_column][et_pb_column type=&#8220;1_2&#8243; _builder_version=&#8220;4.16&#8243; global_colors_info=&#8220;{}&#8220;][et_pb_image src=&#8220;https:\/\/hadassaguesthouse.com\/wp-content\/uploads\/2020\/05\/K2R3028-scaled.jpg&#8220; title_text=&#8220;Hadassa Guest House Publicity Shoot&#8220; url=&#8220;@ET-DC@eyJkeW5hbWljIjp0cnVlLCJjb250ZW50IjoicG9zdF9saW5rX3VybF9wYWdlIiwic2V0dGluZ3MiOnsicG9zdF9pZCI6IjIyOTk5NCJ9fQ==@&#8220; _builder_version=&#8220;4.16&#8243; _dynamic_attributes=&#8220;url&#8220; global_colors_info=&#8220;{}&#8220;][\/et_pb_image][et_pb_text _builder_version=&#8220;4.16&#8243; header_3_text_color=&#8220;#ffffff&#8220; custom_margin=&#8220;-50px||||false|false&#8220; custom_padding=&#8220;||30px||false|false&#8220; global_colors_info=&#8220;{}&#8220;]<\/p>\n<h3><strong>Luxus Zweibettzimmer<\/strong><\/h3>\n<p>[\/et_pb_text][et_pb_image src=&#8220;https:\/\/hadassaguesthouse.com\/wp-content\/uploads\/2020\/05\/K2R3040-scaled.jpg&#8220; title_text=&#8220;Hadassa Guest House Publicity Shoot&#8220; url=&#8220;@ET-DC@eyJkeW5hbWljIjp0cnVlLCJjb250ZW50IjoicG9zdF9saW5rX3VybF9wYWdlIiwic2V0dGluZ3MiOnsicG9zdF9pZCI6IjIyOTk5NiJ9fQ==@&#8220; _builder_version=&#8220;4.16&#8243; _dynamic_attributes=&#8220;url&#8220; global_colors_info=&#8220;{}&#8220;][\/et_pb_image][et_pb_text _builder_version=&#8220;4.16&#8243; header_3_text_color=&#8220;#ffffff&#8220; custom_margin=&#8220;-50px||||false|false&#8220; custom_padding=&#8220;||28px||false|false&#8220; global_colors_info=&#8220;{}&#8220;]<\/p>\n<h3>Luxus-Dreibettzimmer<\/h3>\n<p>[\/et_pb_text][\/et_pb_column][\/et_pb_row][\/et_pb_section][et_pb_section fb_built=&#8220;1&#8243; _builder_version=&#8220;4.16&#8243; background_color=&#8220;#d5d59c&#8220; global_colors_info=&#8220;{}&#8220;][et_pb_row _builder_version=&#8220;4.16&#8243; global_colors_info=&#8220;{}&#8220;][et_pb_column type=&#8220;4_4&#8243; _builder_version=&#8220;4.16&#8243; global_colors_info=&#8220;{}&#8220;][et_pb_text _builder_version=&#8220;4.16&#8243; header_font=&#8220;||||||||&#8220; header_text_color=&#8220;#000000&#8243; header_letter_spacing=&#8220;2px&#8220; header_3_font=&#8220;|||on|||||&#8220; header_3_text_color=&#8220;#4f5b27&#8243; header_3_font_size=&#8220;16px&#8220; header_3_letter_spacing=&#8220;4px&#8220; custom_margin=&#8220;||||false|false&#8220; global_colors_info=&#8220;{}&#8220;]<\/p>\n<h3 style=\"text-align: center;\">Ausr\u00fcstungen<\/h3>\n<h1 style=\"text-align: center;\">Hadassa Guest House Dienstleistungen<\/h1>\n<p>[\/et_pb_text][et_pb_divider color=&#8220;#4f5b27&#8243; divider_weight=&#8220;1px&#8220; _builder_version=&#8220;4.16&#8243; background_enable_color=&#8220;off&#8220; width=&#8220;10%&#8220; module_alignment=&#8220;center&#8220; custom_margin=&#8220;||||false|false&#8220; custom_padding=&#8220;||||false|false&#8220; global_colors_info=&#8220;{}&#8220;][\/et_pb_divider][\/et_pb_column][\/et_pb_row][et_pb_row column_structure=&#8220;1_5,1_5,1_5,1_5,1_5&#8243; _builder_version=&#8220;4.16&#8243; custom_margin=&#8220;||||false|false&#8220; custom_padding=&#8220;||0px||false|false&#8220; global_colors_info=&#8220;{}&#8220;][et_pb_column type=&#8220;1_5&#8243; _builder_version=&#8220;4.16&#8243; global_colors_info=&#8220;{}&#8220;][et_pb_blurb title=&#8220;Gratis Wifi&#8220; image_icon_width=&#8220;200%&#8220; _builder_version=&#8220;4.25.2&#8243; header_font=&#8220;|700|||||||&#8220; header_text_color=&#8220;#4f5b27&#8243; text_orientation=&#8220;center&#8220; custom_padding=&#8220;||0px|||&#8220; hover_enabled=&#8220;0&#8243; image_max_width=&#8220;40%&#8220; global_colors_info=&#8220;{}&#8220; use_icon=&#8220;on&#8220; font_icon=&#8220;&#xf1eb;||fa||900&#8243; sticky_enabled=&#8220;0&#8243; icon_color=&#8220;#4F5B27&#8243;][\/et_pb_blurb][\/et_pb_column][et_pb_column type=&#8220;1_5&#8243; _builder_version=&#8220;4.16&#8243; global_colors_info=&#8220;{}&#8220;][et_pb_blurb title=&#8220;Schwimmbad&#8220; image_icon_width=&#8220;200%&#8220; _builder_version=&#8220;4.25.2&#8243; header_font=&#8220;|700|||||||&#8220; header_text_color=&#8220;#4f5b27&#8243; text_orientation=&#8220;center&#8220; custom_padding=&#8220;||0px|||&#8220; hover_enabled=&#8220;0&#8243; image_max_width=&#8220;40%&#8220; global_colors_info=&#8220;{}&#8220; use_icon=&#8220;on&#8220; font_icon=&#8220;&#xf5c4;||fa||900&#8243; sticky_enabled=&#8220;0&#8243; icon_color=&#8220;#4F5B27&#8243;][\/et_pb_blurb][\/et_pb_column][et_pb_column type=&#8220;1_5&#8243; _builder_version=&#8220;4.16&#8243; global_colors_info=&#8220;{}&#8220;][et_pb_blurb title=&#8220;Fr\u00fchst\u00fcck&#8220; image_icon_width=&#8220;200%&#8220; _builder_version=&#8220;4.25.2&#8243; header_font=&#8220;|700|||||||&#8220; header_text_color=&#8220;#4f5b27&#8243; text_orientation=&#8220;center&#8220; custom_padding=&#8220;||0px|||&#8220; hover_enabled=&#8220;0&#8243; image_max_width=&#8220;40%&#8220; global_colors_info=&#8220;{}&#8220; use_icon=&#8220;on&#8220; font_icon=&#8220;&#xf7e5;||fa||900&#8243; sticky_enabled=&#8220;0&#8243; icon_color=&#8220;#4F5B27&#8243;][\/et_pb_blurb][\/et_pb_column][et_pb_column type=&#8220;1_5&#8243; _builder_version=&#8220;4.16&#8243; global_colors_info=&#8220;{}&#8220;][et_pb_blurb title=&#8220;Kaffee \/ Tee-Einrichtungen&#8220; image_icon_width=&#8220;200%&#8220; _builder_version=&#8220;4.25.2&#8243; header_font=&#8220;|700|||||||&#8220; header_text_color=&#8220;#4f5b27&#8243; text_orientation=&#8220;center&#8220; custom_padding=&#8220;||0px|||&#8220; hover_enabled=&#8220;0&#8243; image_max_width=&#8220;40%&#8220; global_colors_info=&#8220;{}&#8220; use_icon=&#8220;on&#8220; font_icon=&#8220;&#xf7b6;||fa||900&#8243; sticky_enabled=&#8220;0&#8243; icon_color=&#8220;#4F5B27&#8243;][\/et_pb_blurb][\/et_pb_column][et_pb_column type=&#8220;1_5&#8243; _builder_version=&#8220;4.16&#8243; global_colors_info=&#8220;{}&#8220;][et_pb_blurb title=&#8220;En suite Dusche&#8220; image_icon_width=&#8220;200%&#8220; _builder_version=&#8220;4.25.2&#8243; header_font=&#8220;|700|||||||&#8220; header_text_color=&#8220;#4f5b27&#8243; text_orientation=&#8220;center&#8220; custom_padding=&#8220;||0px|||&#8220; hover_enabled=&#8220;0&#8243; image_max_width=&#8220;40%&#8220; global_colors_info=&#8220;{}&#8220; use_icon=&#8220;on&#8220; font_icon=&#8220;&#xf2cc;||fa||900&#8243; sticky_enabled=&#8220;0&#8243; icon_color=&#8220;#4F5B27&#8243;][\/et_pb_blurb][\/et_pb_column][\/et_pb_row][et_pb_row column_structure=&#8220;1_5,1_5,1_5,1_5,1_5&#8243; _builder_version=&#8220;4.16&#8243; global_colors_info=&#8220;{}&#8220;][et_pb_column type=&#8220;1_5&#8243; _builder_version=&#8220;4.16&#8243; global_colors_info=&#8220;{}&#8220;][et_pb_blurb title=&#8220; Sicherer Ort&#8220; image_icon_width=&#8220;200%&#8220; _builder_version=&#8220;4.25.2&#8243; header_font=&#8220;|700|||||||&#8220; header_text_color=&#8220;#4f5b27&#8243; text_orientation=&#8220;center&#8220; custom_padding=&#8220;||0px|||&#8220; hover_enabled=&#8220;0&#8243; image_max_width=&#8220;40%&#8220; global_colors_info=&#8220;{}&#8220; use_icon=&#8220;on&#8220; font_icon=&#8220;&#xf505;||fa||900&#8243; sticky_enabled=&#8220;0&#8243; icon_color=&#8220;#4F5B27&#8243;][\/et_pb_blurb][\/et_pb_column][et_pb_column type=&#8220;1_5&#8243; _builder_version=&#8220;4.16&#8243; global_colors_info=&#8220;{}&#8220;][et_pb_blurb title=&#8220;Rollstuhlfreundlich&#8220; image_icon_width=&#8220;200%&#8220; _builder_version=&#8220;4.25.2&#8243; header_font=&#8220;|700|||||||&#8220; header_text_color=&#8220;#4f5b27&#8243; text_orientation=&#8220;center&#8220; custom_padding=&#8220;||0px|||&#8220; hover_enabled=&#8220;0&#8243; image_max_width=&#8220;32%&#8220; global_colors_info=&#8220;{}&#8220; use_icon=&#8220;on&#8220; font_icon=&#8220;&#xf193;||fa||900&#8243; sticky_enabled=&#8220;0&#8243; icon_color=&#8220;#4F5B27&#8243;][\/et_pb_blurb][\/et_pb_column][et_pb_column type=&#8220;1_5&#8243; _builder_version=&#8220;4.16&#8243; global_colors_info=&#8220;{}&#8220;][et_pb_blurb title=&#8220;Klimaanlage&#8220; image_icon_width=&#8220;200%&#8220; _builder_version=&#8220;4.25.2&#8243; header_font=&#8220;|700|||||||&#8220; header_text_color=&#8220;#4f5b27&#8243; text_orientation=&#8220;center&#8220; custom_padding=&#8220;||0px|||&#8220; hover_enabled=&#8220;0&#8243; image_max_width=&#8220;40%&#8220; global_colors_info=&#8220;{}&#8220; use_icon=&#8220;on&#8220; font_icon=&#8220;&#xf72e;||fa||900&#8243; sticky_enabled=&#8220;0&#8243; icon_color=&#8220;#4F5B27&#8243;][\/et_pb_blurb][\/et_pb_column][et_pb_column type=&#8220;1_5&#8243; _builder_version=&#8220;4.16&#8243; global_colors_info=&#8220;{}&#8220;][et_pb_blurb title=&#8220;Gesicherte Parkpl\u00e4tze&#8220; image_icon_width=&#8220;200%&#8220; _builder_version=&#8220;4.25.2&#8243; header_font=&#8220;|700|||||||&#8220; header_text_color=&#8220;#4f5b27&#8243; text_orientation=&#8220;center&#8220; custom_padding=&#8220;||0px|||&#8220; hover_enabled=&#8220;0&#8243; image_max_width=&#8220;40%&#8220; global_colors_info=&#8220;{}&#8220; use_icon=&#8220;on&#8220; font_icon=&#8220;&#xf540;||fa||900&#8243; sticky_enabled=&#8220;0&#8243; icon_color=&#8220;#4F5B27&#8243;][\/et_pb_blurb][\/et_pb_column][et_pb_column type=&#8220;1_5&#8243; _builder_version=&#8220;4.16&#8243; global_colors_info=&#8220;{}&#8220;][et_pb_blurb title=&#8220;N\u00e4hrstoff bio&#8220; image_icon_width=&#8220;200%&#8220; _builder_version=&#8220;4.25.2&#8243; header_font=&#8220;|700|||||||&#8220; header_text_color=&#8220;#4f5b27&#8243; text_orientation=&#8220;center&#8220; custom_padding=&#8220;||0px|||&#8220; hover_enabled=&#8220;0&#8243; image_max_width=&#8220;40%&#8220; global_colors_info=&#8220;{}&#8220; use_icon=&#8220;on&#8220; font_icon=&#8220;&#xf787;||fa||900&#8243; sticky_enabled=&#8220;0&#8243; icon_color=&#8220;#4F5B27&#8243;][\/et_pb_blurb][\/et_pb_column][\/et_pb_row][et_pb_row column_structure=&#8220;1_5,1_5,1_5,1_5,1_5&#8243; _builder_version=&#8220;4.16&#8243; global_colors_info=&#8220;{}&#8220;][et_pb_column type=&#8220;1_5&#8243; _builder_version=&#8220;4.16&#8243; global_colors_info=&#8220;{}&#8220;][et_pb_blurb title=&#8220;Laundry&#8220; image_icon_width=&#8220;200%&#8220; _builder_version=&#8220;4.25.2&#8243; header_font=&#8220;|700|||||||&#8220; header_text_color=&#8220;#4f5b27&#8243; text_orientation=&#8220;center&#8220; custom_padding=&#8220;||0px|||&#8220; hover_enabled=&#8220;0&#8243; image_max_width=&#8220;40%&#8220; global_colors_info=&#8220;{}&#8220; use_icon=&#8220;on&#8220; font_icon=&#8220;&#xf553;||fa||900&#8243; sticky_enabled=&#8220;0&#8243; icon_color=&#8220;#4F5B27&#8243;][\/et_pb_blurb][\/et_pb_column][et_pb_column type=&#8220;1_5&#8243; _builder_version=&#8220;4.16&#8243; global_colors_info=&#8220;{}&#8220;][et_pb_blurb title=&#8220;DSTV (+30 programm) &#8220; image_icon_width=&#8220;200%&#8220; _builder_version=&#8220;4.25.2&#8243; header_font=&#8220;|700|||||||&#8220; header_text_color=&#8220;#4f5b27&#8243; text_orientation=&#8220;center&#8220; custom_padding=&#8220;||0px|||&#8220; hover_enabled=&#8220;0&#8243; image_max_width=&#8220;40%&#8220; global_colors_info=&#8220;{}&#8220; use_icon=&#8220;on&#8220; font_icon=&#8220;&#xf26c;||fa||900&#8243; sticky_enabled=&#8220;0&#8243; icon_color=&#8220;#4F5B27&#8243;][\/et_pb_blurb][\/et_pb_column][et_pb_column type=&#8220;1_5&#8243; _builder_version=&#8220;4.16&#8243; global_colors_info=&#8220;{}&#8220;][et_pb_blurb title=&#8220;K\u00fchlschrank&#8220; image_icon_width=&#8220;200%&#8220; _builder_version=&#8220;4.25.2&#8243; header_font=&#8220;|700|||||||&#8220; header_text_color=&#8220;#4f5b27&#8243; text_orientation=&#8220;center&#8220; custom_padding=&#8220;||0px|||&#8220; hover_enabled=&#8220;0&#8243; image_max_width=&#8220;32%&#8220; global_colors_info=&#8220;{}&#8220; use_icon=&#8220;on&#8220; font_icon=&#8220;&#xf2dc;||fa||900&#8243; sticky_enabled=&#8220;0&#8243; icon_color=&#8220;#4F5B27&#8243;][\/et_pb_blurb][\/et_pb_column][et_pb_column type=&#8220;1_5&#8243; _builder_version=&#8220;4.16&#8243; global_colors_info=&#8220;{}&#8220;][et_pb_blurb title=&#8220;Garten&#8220; image_icon_width=&#8220;200%&#8220; _builder_version=&#8220;4.25.2&#8243; header_font=&#8220;|700|||||||&#8220; header_text_color=&#8220;#4f5b27&#8243; text_orientation=&#8220;center&#8220; custom_padding=&#8220;||0px|||&#8220; hover_enabled=&#8220;0&#8243; image_max_width=&#8220;40%&#8220; global_colors_info=&#8220;{}&#8220; use_icon=&#8220;on&#8220; font_icon=&#8220;&#xf18c;||fa||400&#8243; sticky_enabled=&#8220;0&#8243; icon_color=&#8220;#4F5B27&#8243;][\/et_pb_blurb][\/et_pb_column][et_pb_column type=&#8220;1_5&#8243; _builder_version=&#8220;4.16&#8243; global_colors_info=&#8220;{}&#8220;][\/et_pb_column][\/et_pb_row][\/et_pb_section]<\/p>\n","protected":false},"excerpt":{"rendered":"<p>Genie\u00dfen Sie einen komfortablen Aufenthalt in OtjiwarongoR\u00e4ume In Hadassa muss ein Zimmer f\u00fcr Sie seinStandardzimmerLuxus DoppelzimmerLuxus ZweibettzimmerLuxus-DreibettzimmerAusr\u00fcstungen Hadassa Guest House Dienstleistungen<\/p>\n","protected":false},"author":1,"featured_media":0,"parent":0,"menu_order":0,"comment_status":"closed","ping_status":"closed","template":"","meta":{"_et_pb_use_builder":"on","_et_pb_old_content":"","_et_gb_content_width":"","_monsterinsights_skip_tracking":false,"_monsterinsights_sitenote_active":false,"_monsterinsights_sitenote_note":"","_monsterinsights_sitenote_category":0,"footnotes":""},"class_list":["post-231212","page","type-page","status-publish","hentry"],"_links":{"self":[{"href":"https:\/\/hadassaguesthouse.com\/de\/wp-json\/wp\/v2\/pages\/231212","targetHints":{"allow":["GET"]}}],"collection":[{"href":"https:\/\/hadassaguesthouse.com\/de\/wp-json\/wp\/v2\/pages"}],"about":[{"href":"https:\/\/hadassaguesthouse.com\/de\/wp-json\/wp\/v2\/types\/page"}],"author":[{"embeddable":true,"href":"https:\/\/hadassaguesthouse.com\/de\/wp-json\/wp\/v2\/users\/1"}],"replies":[{"embeddable":true,"href":"https:\/\/hadassaguesthouse.com\/de\/wp-json\/wp\/v2\/comments?post=231212"}],"version-history":[{"count":11,"href":"https:\/\/hadassaguesthouse.com\/de\/wp-json\/wp\/v2\/pages\/231212\/revisions"}],"predecessor-version":[{"id":232258,"href":"https:\/\/hadassaguesthouse.com\/de\/wp-json\/wp\/v2\/pages\/231212\/revisions\/232258"}],"wp:attachment":[{"href":"https:\/\/hadassaguesthouse.com\/de\/wp-json\/wp\/v2\/media?parent=231212"}],"curies":[{"name":"wp","href":"https:\/\/api.w.org\/{rel}","templated":true}]}}