{"id":231221,"date":"2020-10-06T09:45:09","date_gmt":"2020-10-06T08:45:09","guid":{"rendered":"http:\/\/www.upword.fr\/hadassa\/emplacement\/"},"modified":"2020-10-06T09:45:09","modified_gmt":"2020-10-06T08:45:09","slug":"emplacement","status":"publish","type":"page","link":"https:\/\/hadassaguesthouse.com\/de\/emplacement\/","title":{"rendered":"Emplacement"},"content":{"rendered":"<p>[et_pb_section fb_built=&#8220;1&#8243; _builder_version=&#8220;4.0.11&#8243; background_color=&#8220;#4f5b27&#8243; background_image=&#8220;http:\/\/hadassaguesthouse.com\/wp-content\/uploads\/2020\/03\/africa-1169995_1920.jpg&#8220; custom_padding=&#8220;100px||100px||false|false&#8220;][et_pb_row _builder_version=&#8220;4.0.11&#8243; module_alignment=&#8220;center&#8220;][et_pb_column type=&#8220;4_4&#8243; _builder_version=&#8220;4.0.11&#8243;][et_pb_text _builder_version=&#8220;4.0.11&#8243; header_font=&#8220;||||||||&#8220; header_text_color=&#8220;#ffffff&#8220; header_font_size=&#8220;56px&#8220; header_line_height=&#8220;1.1em&#8220; header_text_shadow_style=&#8220;preset2&#8243; header_text_shadow_color=&#8220;#000000&#8243; header_text_shadow_vertical_length__hover_enabled=&#8220;off|desktop&#8220;]<\/p>\n<h1 style=\"text-align: center;\">\u00a0<\/h1>\n<h1 style=\"text-align: center;\"><strong>Comment venir \u00e0 <\/strong><\/h1>\n<h1 style=\"text-align: center;\"><strong>Hadassa Guest House ?<\/strong><\/h1>\n<p>[\/et_pb_text][\/et_pb_column][\/et_pb_row][\/et_pb_section][et_pb_section fb_built=&#8220;1&#8243; _builder_version=&#8220;4.0.11&#8243; custom_padding=&#8220;29px||30px|||&#8220;][et_pb_row _builder_version=&#8220;4.0.11&#8243; width=&#8220;60%&#8220; module_alignment=&#8220;center&#8220; custom_margin=&#8220;||||false|false&#8220; custom_padding=&#8220;50px||||false|false&#8220;][et_pb_column type=&#8220;4_4&#8243; _builder_version=&#8220;4.0.11&#8243;][et_pb_text _builder_version=&#8220;4.0.11&#8243; header_font=&#8220;||||||||&#8220; header_text_color=&#8220;#000000&#8243; header_letter_spacing=&#8220;2px&#8220; header_3_font=&#8220;|||on|||||&#8220; header_3_text_color=&#8220;#4f5b27&#8243; header_3_font_size=&#8220;16px&#8220; header_3_letter_spacing=&#8220;4px&#8220;]<\/p>\n<h3 style=\"text-align: center;\">EMPLACEMENT<\/h3>\n<h1 style=\"text-align: center;\">L&#8217;\u00e9tape id\u00e9ale pendant votre voyage en Namibie<\/h1>\n<p>[\/et_pb_text][et_pb_divider color=&#8220;#4f5b27&#8243; divider_weight=&#8220;1px&#8220; _builder_version=&#8220;4.0.11&#8243; background_enable_color=&#8220;off&#8220; width=&#8220;10%&#8220; module_alignment=&#8220;center&#8220; custom_margin=&#8220;||||false|false&#8220; custom_padding=&#8220;||||false|false&#8220;][\/et_pb_divider][et_pb_text _builder_version=&#8220;4.0.11&#8243;]<\/p>\n<p style=\"text-align: center;\">Ein ideale Zwischenstop auf Ihrer Reise durch das wundersch\u00f6ne Namibia. Wo auch immer Sie herkommen Hadassa G\u00e4stehaus \u00f6ffnet Ihnen die T\u00fcr.<\/p>\n<p>[\/et_pb_text][\/et_pb_column][\/et_pb_row][\/et_pb_section][et_pb_section fb_built=&#8220;1&#8243; _builder_version=&#8220;4.0.11&#8243; custom_padding=&#8220;30px|||||&#8220;][et_pb_row _builder_version=&#8220;4.4.8&#8243; custom_padding=&#8220;0px|||||&#8220; hover_enabled=&#8220;0&#8243;][et_pb_column type=&#8220;4_4&#8243; _builder_version=&#8220;4.0.11&#8243;][et_pb_map address=&#8220;Lang Street, Otjiwarongo, Namibie&#8220; zoom_level=&#8220;16&#8243; address_lat=&#8220;-20.474876536837&#8243; address_lng=&#8220;16.653790520593&#8243; use_grayscale_filter=&#8220;on&#8220; _builder_version=&#8220;4.4.8&#8243; hover_enabled=&#8220;0&#8243;][et_pb_map_pin title=&#8220;Hadassa Guest House&#8220; pin_address=&#8220;Lang Street, Otjiwarongo, Namibie&#8220; pin_address_lat=&#8220;-20.4748096&#8243; pin_address_lng=&#8220;16.6540624&#8243; _builder_version=&#8220;4.4.8&#8243; hover_enabled=&#8220;0&#8243; zoom_level=&#8220;18&#8243;][\/et_pb_map_pin][\/et_pb_map][et_pb_text _builder_version=&#8220;4.0.11&#8243;]<\/p>\n<h3><strong>Depuis Windhoek B1<\/strong><\/h3>\n<p>Quand vous arrivez de Windhoek par la B1, en entrant dans la ville, prenez \u00e0 droite au premier rond point. En face de Out of Africa Lodge.<\/p>\n<ul>\n<li>En voiture : 2h30 &#8211; 250 km<\/li>\n<li>En bus : 3h05 &#8211; direct<\/li>\n<\/ul>\n<p>[\/et_pb_text][et_pb_text _builder_version=&#8220;4.0.11&#8243;]<\/p>\n<h3><strong>Depuis Etosha (Outjo) C38<\/strong><\/h3>\n<p>Quand vous arrivez \u00e0 la premi\u00e8re intersection en entrant dans la ville, continuez jusqu&#8217;\u00e0 l&#8217;indication Hadassa Guest House. Tournez \u00e0 droite (Lang Street) et continuez jusqu&#8217;au rond point. Continuez tout droit pendant 75 m ; vous \u00eates arriv\u00e9s.<\/p>\n<ul>\n<li>En voiture : 1h30 &#8211; 168 km<\/li>\n<\/ul>\n<p>[\/et_pb_text][et_pb_text _builder_version=&#8220;4.4.7&#8243;]<\/p>\n<h3><strong>Depuis Etosha (Tsumeb) B1<\/strong><\/h3>\n<p>Traversez la ville par la rue principale (B1). A la sortie de la ville, prenez \u00e0 gauche au rond point. Nous sommes juste en face d&#8217;Out of Africa Lodge.<\/p>\n<ul>\n<li>En voiture : 3h00<\/li>\n<\/ul>\n<p>[\/et_pb_text][et_pb_text _builder_version=&#8220;4.0.11&#8243;]<\/p>\n<h3><strong>Depuis Omaruru C33<\/strong><\/h3>\n<p>Quand vous arrivez \u00e0 la premi\u00e8re intersection en entrant dans la ville, tournez \u00e0 droite. Continuez jusqu&#8217;\u00e0 l&#8217;indication Hadassa Guest House puis tournez \u00e0 droite (Lang Street). Continuez jusqu&#8217;au rond point puis tout droit pendant 75 m.<\/p>\n<p>[\/et_pb_text][\/et_pb_column][\/et_pb_row][\/et_pb_section]<\/p>\n","protected":false},"excerpt":{"rendered":"<p>\u00a0 Comment venir \u00e0 Hadassa Guest House ?EMPLACEMENT L&#8217;\u00e9tape id\u00e9ale pendant votre voyage en NamibieEin ideale Zwischenstop auf Ihrer Reise durch das wundersch\u00f6ne Namibia. Wo auch immer Sie herkommen Hadassa G\u00e4stehaus \u00f6ffnet Ihnen die T\u00fcr.Depuis Windhoek B1 Quand vous arrivez de Windhoek par la B1, en entrant dans la ville, prenez \u00e0 droite au premier [&hellip;]<\/p>\n","protected":false},"author":1,"featured_media":0,"parent":0,"menu_order":0,"comment_status":"closed","ping_status":"closed","template":"","meta":{"_et_pb_use_builder":"on","_et_pb_old_content":"","_et_gb_content_width":"","_monsterinsights_skip_tracking":false,"_monsterinsights_sitenote_active":false,"_monsterinsights_sitenote_note":"","_monsterinsights_sitenote_category":0,"footnotes":""},"class_list":["post-231221","page","type-page","status-publish","hentry"],"_links":{"self":[{"href":"https:\/\/hadassaguesthouse.com\/de\/wp-json\/wp\/v2\/pages\/231221","targetHints":{"allow":["GET"]}}],"collection":[{"href":"https:\/\/hadassaguesthouse.com\/de\/wp-json\/wp\/v2\/pages"}],"about":[{"href":"https:\/\/hadassaguesthouse.com\/de\/wp-json\/wp\/v2\/types\/page"}],"author":[{"embeddable":true,"href":"https:\/\/hadassaguesthouse.com\/de\/wp-json\/wp\/v2\/users\/1"}],"replies":[{"embeddable":true,"href":"https:\/\/hadassaguesthouse.com\/de\/wp-json\/wp\/v2\/comments?post=231221"}],"version-history":[{"count":2,"href":"https:\/\/hadassaguesthouse.com\/de\/wp-json\/wp\/v2\/pages\/231221\/revisions"}],"predecessor-version":[{"id":231223,"href":"https:\/\/hadassaguesthouse.com\/de\/wp-json\/wp\/v2\/pages\/231221\/revisions\/231223"}],"wp:attachment":[{"href":"https:\/\/hadassaguesthouse.com\/de\/wp-json\/wp\/v2\/media?parent=231221"}],"curies":[{"name":"wp","href":"https:\/\/api.w.org\/{rel}","templated":true}]}}