{"id":232292,"date":"2024-06-25T16:30:44","date_gmt":"2024-06-25T15:30:44","guid":{"rendered":"https:\/\/hadassaguesthouse.com\/solidarity\/"},"modified":"2025-01-27T17:12:36","modified_gmt":"2025-01-27T16:12:36","slug":"solidarity","status":"publish","type":"page","link":"https:\/\/hadassaguesthouse.com\/de\/solidarity\/","title":{"rendered":"Solidarity"},"content":{"rendered":"<p>[et_pb_section fb_built=&#8220;1&#8243; _builder_version=&#8220;4.22.2&#8243; background_image=&#8220;https:\/\/hadassaguesthouse.com\/wp-content\/uploads\/2020\/06\/PERI-NAUA-3.jpeg&#8220; parallax=&#8220;on&#8220; parallax_method=&#8220;off&#8220; custom_padding=&#8220;100px||100px||false|false&#8220; filter_brightness=&#8220;96%&#8220; global_colors_info=&#8220;{}&#8220; box_shadow_vertical__hover_enabled=&#8220;off|desktop&#8220;][et_pb_row _builder_version=&#8220;4.16&#8243; width=&#8220;90%&#8220; module_alignment=&#8220;center&#8220; global_colors_info=&#8220;{}&#8220;][et_pb_column type=&#8220;4_4&#8243; _builder_version=&#8220;4.16&#8243; global_colors_info=&#8220;{}&#8220;][et_pb_text _builder_version=&#8220;4.22.2&#8243; header_font=&#8220;||||||||&#8220; header_text_color=&#8220;#ffffff&#8220; header_font_size=&#8220;60px&#8220; header_line_height=&#8220;1.1em&#8220; header_font_size_tablet=&#8220;&#8220; header_font_size_phone=&#8220;40px&#8220; header_font_size_last_edited=&#8220;on|phone&#8220; header_text_shadow_style=&#8220;preset2&#8243; header_text_shadow_color=&#8220;#000000&#8243; global_colors_info=&#8220;{}&#8220; header_text_shadow_vertical_length__hover_enabled=&#8220;off|desktop&#8220;]<\/p>\n<h1 style=\"text-align: center;\"><strong>Solidarit\u00e4t<\/strong><\/h1>\n<p>[\/et_pb_text][\/et_pb_column][\/et_pb_row][\/et_pb_section][et_pb_section fb_built=&#8220;1&#8243; _builder_version=&#8220;4.16&#8243; global_colors_info=&#8220;{}&#8220;][et_pb_row _builder_version=&#8220;4.16&#8243; width=&#8220;60%&#8220; module_alignment=&#8220;center&#8220; custom_margin=&#8220;||||false|false&#8220; custom_padding=&#8220;50px||||false|false&#8220; global_colors_info=&#8220;{}&#8220;][et_pb_column type=&#8220;4_4&#8243; _builder_version=&#8220;4.16&#8243; global_colors_info=&#8220;{}&#8220;][et_pb_text _builder_version=&#8220;4.22.2&#8243; header_font=&#8220;||||||||&#8220; header_text_color=&#8220;#000000&#8243; header_letter_spacing=&#8220;2px&#8220; header_3_font=&#8220;|||on|||||&#8220; header_3_text_color=&#8220;#4f5b27&#8243; header_3_font_size=&#8220;16px&#8220; header_3_letter_spacing=&#8220;4px&#8220; global_colors_info=&#8220;{}&#8220;]<\/p>\n<h3 style=\"text-align: center;\">Solidarit\u00e4tsprojekt<\/h3>\n<h1 style=\"text-align: center;\">Seien Sie hilfreich f\u00fcr Namibia<\/h1>\n<p>[\/et_pb_text][et_pb_divider color=&#8220;#4f5b27&#8243; divider_weight=&#8220;1px&#8220; _builder_version=&#8220;4.16&#8243; background_enable_color=&#8220;off&#8220; width=&#8220;10%&#8220; module_alignment=&#8220;center&#8220; custom_margin=&#8220;||||false|false&#8220; custom_padding=&#8220;||||false|false&#8220; global_colors_info=&#8220;{}&#8220;][\/et_pb_divider][et_pb_text _builder_version=&#8220;4.22.2&#8243; global_colors_info=&#8220;{}&#8220;]<\/p>\n<p style=\"text-align: center;\">Helfen Sie uns, diese drei Projekte zu unterst\u00fctzen, die uns am Herzen liegen.<\/p>\n<p>[\/et_pb_text][\/et_pb_column][\/et_pb_row][\/et_pb_section][et_pb_section fb_built=&#8220;1&#8243; _builder_version=&#8220;4.16&#8243; global_colors_info=&#8220;{}&#8220;][et_pb_row column_structure=&#8220;1_2,1_2&#8243; _builder_version=&#8220;4.16&#8243; global_colors_info=&#8220;{}&#8220;][et_pb_column type=&#8220;1_2&#8243; _builder_version=&#8220;4.16&#8243; global_colors_info=&#8220;{}&#8220;][et_pb_gallery gallery_ids=&#8220;230704,230545,230701,230698,230713&#8243; gallery_orderby=&#8220;rand&#8220; fullwidth=&#8220;on&#8220; _builder_version=&#8220;4.16&#8243; pagination_text_color=&#8220;#ffffff&#8220; background_layout=&#8220;dark&#8220; border_width_all=&#8220;10px&#8220; border_color_all=&#8220;#d5d59c&#8220; global_colors_info=&#8220;{}&#8220;][\/et_pb_gallery][\/et_pb_column][et_pb_column type=&#8220;1_2&#8243; _builder_version=&#8220;4.16&#8243; global_colors_info=&#8220;{}&#8220;][et_pb_text _builder_version=&#8220;4.16&#8243; global_colors_info=&#8220;{}&#8220;]<\/p>\n<h3><strong>Peri Naua association<\/strong><\/h3>\n<p>Diese franz\u00f6sische Organisation wurde 2002 gegr\u00fcndet und ist in Otjiwarongo t\u00e4tig. Peri Naua bedeutet auf Herrero \u201eAlles ist in Ordnung\u201c und befasst sich mit Bildung und Kultur f\u00fcr Kinder aus benachteiligten Familien.<\/p>\n<p>[\/et_pb_text][et_pb_blurb title=&#8220;Entfernung: 3 km&#8220; use_icon=&#8220;on&#8220; font_icon=&#8220;&#x31;||divi||400&#8243; icon_color=&#8220;#7a7e5e&#8220; icon_placement=&#8220;left&#8220; image_icon_width=&#8220;21px&#8220; _builder_version=&#8220;4.16&#8243; custom_margin=&#8220;||5px||false|false&#8220; custom_padding=&#8220;||||false|false&#8220; icon_font_size=&#8220;21px&#8220; global_colors_info=&#8220;{}&#8220;][\/et_pb_blurb][et_pb_blurb title=&#8220;Dauer: 1 bis 2 Stunden&#8220; use_icon=&#8220;on&#8220; font_icon=&#8220;&#xe0e1;||divi||400&#8243; icon_color=&#8220;#7a7e5e&#8220; icon_placement=&#8220;left&#8220; image_icon_width=&#8220;21px&#8220; _builder_version=&#8220;4.16&#8243; custom_margin=&#8220;||5px||false|false&#8220; custom_padding=&#8220;||||false|false&#8220; icon_font_size=&#8220;21px&#8220; global_colors_info=&#8220;{}&#8220;][\/et_pb_blurb][et_pb_blurb title=&#8220;M\u00f6gliche Spende f\u00fcr den Verein&#8220; use_icon=&#8220;on&#8220; font_icon=&#8220;&#xe0ed;||divi||400&#8243; icon_color=&#8220;#7a7e5e&#8220; icon_placement=&#8220;left&#8220; image_icon_width=&#8220;21px&#8220; _builder_version=&#8220;4.16&#8243; custom_margin=&#8220;||5px||false|false&#8220; custom_padding=&#8220;||||false|false&#8220; icon_font_size=&#8220;21px&#8220; global_colors_info=&#8220;{}&#8220;][\/et_pb_blurb][\/et_pb_column][\/et_pb_row][et_pb_row column_structure=&#8220;1_2,1_2&#8243; _builder_version=&#8220;4.16&#8243; global_colors_info=&#8220;{}&#8220;][et_pb_column type=&#8220;1_2&#8243; _builder_version=&#8220;4.16&#8243; global_colors_info=&#8220;{}&#8220;][et_pb_text _builder_version=&#8220;4.22.2&#8243; global_colors_info=&#8220;{}&#8220;]<\/p>\n<h3><strong>Hippo Roller Water<\/strong><\/h3>\n<p><span style=\"font-weight: 400;\">Diese kleinen blauen F\u00e4sser, die durch Rollen 90 Liter Wasser transportieren k\u00f6nnen, erm\u00f6glichen die Versorgung von Haushalten in Namibia, die nicht an das Wasserversorgungssystem angeschlossen sind, mit sauberem Trinkwasser.<br \/>\nDiese geniale Erfindung aus S\u00fcdafrika kommt heute in Namibia an, helfen Sie uns, sie zu einem Alltagsgegenstand im Leben der \u00e4rmsten Namibier zu machen.<br \/>\n<\/span><\/p>\n<p>[\/et_pb_text][\/et_pb_column][et_pb_column type=&#8220;1_2&#8243; _builder_version=&#8220;4.16&#8243; global_colors_info=&#8220;{}&#8220;][et_pb_gallery gallery_ids=&#8220;232077,232080,232083&#8243; gallery_orderby=&#8220;rand&#8220; fullwidth=&#8220;on&#8220; _builder_version=&#8220;4.22.2&#8243; pagination_text_color=&#8220;#ffffff&#8220; background_layout=&#8220;dark&#8220; border_width_all=&#8220;10px&#8220; border_color_all=&#8220;#d5d59c&#8220; global_colors_info=&#8220;{}&#8220;][\/et_pb_gallery][\/et_pb_column][\/et_pb_row][et_pb_row column_structure=&#8220;1_2,1_2&#8243; disabled_on=&#8220;on|on|on&#8220; _builder_version=&#8220;4.27.4&#8243; disabled=&#8220;on&#8220; global_colors_info=&#8220;{}&#8220;][et_pb_column type=&#8220;1_2&#8243; _builder_version=&#8220;4.16&#8243; global_colors_info=&#8220;{}&#8220;][et_pb_gallery gallery_ids=&#8220;232107,232104,232101,232098&#8243; fullwidth=&#8220;on&#8220; _builder_version=&#8220;4.22.2&#8243; pagination_text_color=&#8220;#ffffff&#8220; background_layout=&#8220;dark&#8220; border_width_all=&#8220;10px&#8220; border_color_all=&#8220;#d5d59c&#8220; global_colors_info=&#8220;{}&#8220;][\/et_pb_gallery][\/et_pb_column][et_pb_column type=&#8220;1_2&#8243; _builder_version=&#8220;4.16&#8243; global_colors_info=&#8220;{}&#8220;][et_pb_text _builder_version=&#8220;4.22.2&#8243; global_colors_info=&#8220;{}&#8220;]<\/p>\n<h3><strong>Huitar\u00e9 Soup Chicken<\/strong><\/h3>\n<p><span style=\"font-weight: 400;\">Huitar\u00e9, was in der Damara-Sprache w\u00f6rtlich \u201eHelfen Sie uns\u201c bedeutet, ist eine kleine Struktur, die von einem Ehepaar geleitet wird, das Mittag- und Abendessen an etwa drei\u00dfig Waisenkinder in Otjiwarongo verteilt. Hadassa ist unter anderem ein regelm\u00e4\u00dfiger Spender, um den Fortbestand dieser gro\u00dfz\u00fcgigen Initiative zu erm\u00f6glichen.<br \/>\n<\/span><\/p>\n<p>[\/et_pb_text][\/et_pb_column][\/et_pb_row][\/et_pb_section]<\/p>\n","protected":false},"excerpt":{"rendered":"<p>Solidarit\u00e4tSolidarit\u00e4tsprojekt Seien Sie hilfreich f\u00fcr NamibiaHelfen Sie uns, diese drei Projekte zu unterst\u00fctzen, die uns am Herzen liegen.Peri Naua association Diese franz\u00f6sische Organisation wurde 2002 gegr\u00fcndet und ist in Otjiwarongo t\u00e4tig. Peri Naua bedeutet auf Herrero \u201eAlles ist in Ordnung\u201c und befasst sich mit Bildung und Kultur f\u00fcr Kinder aus benachteiligten Familien.Hippo Roller Water Diese [&hellip;]<\/p>\n","protected":false},"author":1,"featured_media":0,"parent":0,"menu_order":0,"comment_status":"closed","ping_status":"closed","template":"","meta":{"_et_pb_use_builder":"on","_et_pb_old_content":"","_et_gb_content_width":"","_monsterinsights_skip_tracking":false,"_monsterinsights_sitenote_active":false,"_monsterinsights_sitenote_note":"","_monsterinsights_sitenote_category":0,"footnotes":""},"class_list":["post-232292","page","type-page","status-publish","hentry"],"_links":{"self":[{"href":"https:\/\/hadassaguesthouse.com\/de\/wp-json\/wp\/v2\/pages\/232292","targetHints":{"allow":["GET"]}}],"collection":[{"href":"https:\/\/hadassaguesthouse.com\/de\/wp-json\/wp\/v2\/pages"}],"about":[{"href":"https:\/\/hadassaguesthouse.com\/de\/wp-json\/wp\/v2\/types\/page"}],"author":[{"embeddable":true,"href":"https:\/\/hadassaguesthouse.com\/de\/wp-json\/wp\/v2\/users\/1"}],"replies":[{"embeddable":true,"href":"https:\/\/hadassaguesthouse.com\/de\/wp-json\/wp\/v2\/comments?post=232292"}],"version-history":[{"count":5,"href":"https:\/\/hadassaguesthouse.com\/de\/wp-json\/wp\/v2\/pages\/232292\/revisions"}],"predecessor-version":[{"id":232388,"href":"https:\/\/hadassaguesthouse.com\/de\/wp-json\/wp\/v2\/pages\/232292\/revisions\/232388"}],"wp:attachment":[{"href":"https:\/\/hadassaguesthouse.com\/de\/wp-json\/wp\/v2\/media?parent=232292"}],"curies":[{"name":"wp","href":"https:\/\/api.w.org\/{rel}","templated":true}]}}