{"id":229832,"date":"2020-03-02T16:26:15","date_gmt":"2020-03-02T15:26:15","guid":{"rendered":"http:\/\/www.upword.fr\/hadassa\/?page_id=229832"},"modified":"2025-01-27T17:18:06","modified_gmt":"2025-01-27T16:18:06","slug":"chambre-double","status":"publish","type":"page","link":"https:\/\/hadassaguesthouse.com\/fr\/chambre-double\/","title":{"rendered":"Standard Double"},"content":{"rendered":"<p>[et_pb_section fb_built=\u00a0\u00bb1&Prime; _builder_version=\u00a0\u00bb4.25.2&Prime; background_image=\u00a0\u00bbhttps:\/\/hadassaguesthouse.com\/wp-content\/uploads\/2023\/11\/IMG_20230923_120517-1.jpg\u00a0\u00bb custom_padding=\u00a0\u00bb100px||100px||false|false\u00a0\u00bb global_colors_info=\u00a0\u00bb{}\u00a0\u00bb][et_pb_row _builder_version=\u00a0\u00bb4.16&Prime; width=\u00a0\u00bb90%\u00a0\u00bb module_alignment=\u00a0\u00bbcenter\u00a0\u00bb global_colors_info=\u00a0\u00bb{}\u00a0\u00bb][et_pb_column type=\u00a0\u00bb4_4&Prime; _builder_version=\u00a0\u00bb4.16&Prime; global_colors_info=\u00a0\u00bb{}\u00a0\u00bb][et_pb_text _builder_version=\u00a0\u00bb4.25.2&Prime; header_font=\u00a0\u00bb||||||||\u00a0\u00bb header_text_color=\u00a0\u00bb#ffffff\u00a0\u00bb header_font_size=\u00a0\u00bb56px\u00a0\u00bb header_line_height=\u00a0\u00bb1.1em\u00a0\u00bb header_text_shadow_style=\u00a0\u00bbpreset2&Prime; header_text_shadow_color=\u00a0\u00bb#000000&Prime; global_colors_info=\u00a0\u00bb{}\u00a0\u00bb header_text_shadow_vertical_length__hover_enabled=\u00a0\u00bboff|desktop\u00a0\u00bb]<\/p>\n<h1 style=\"text-align: center;\">Chambre standard<\/h1>\n<p>[\/et_pb_text][\/et_pb_column][\/et_pb_row][\/et_pb_section][et_pb_section fb_built=\u00a0\u00bb1&Prime; _builder_version=\u00a0\u00bb4.16&Prime; global_colors_info=\u00a0\u00bb{}\u00a0\u00bb][et_pb_row _builder_version=\u00a0\u00bb4.25.2&Prime; width=\u00a0\u00bb90%\u00a0\u00bb module_alignment=\u00a0\u00bbcenter\u00a0\u00bb custom_margin=\u00a0\u00bb||||false|false\u00a0\u00bb custom_padding=\u00a0\u00bb50px||||false|false\u00a0\u00bb global_colors_info=\u00a0\u00bb{}\u00a0\u00bb][et_pb_column type=\u00a0\u00bb4_4&Prime; _builder_version=\u00a0\u00bb4.16&Prime; global_colors_info=\u00a0\u00bb{}\u00a0\u00bb][et_pb_text _builder_version=\u00a0\u00bb4.25.2&Prime; header_font=\u00a0\u00bb||||||||\u00a0\u00bb header_text_color=\u00a0\u00bb#000000&Prime; header_letter_spacing=\u00a0\u00bb2px\u00a0\u00bb header_3_font=\u00a0\u00bb|||on|||||\u00a0\u00bb header_3_text_color=\u00a0\u00bb#4f5b27&Prime; header_3_font_size=\u00a0\u00bb16px\u00a0\u00bb header_3_letter_spacing=\u00a0\u00bb4px\u00a0\u00bb global_colors_info=\u00a0\u00bb{}\u00a0\u00bb]<\/p>\n<h3 style=\"text-align: left;\">Chambre standard<\/h3>\n<h1 style=\"text-align: left;\">Pour 1 \u00e0 4 personnes &#8211; \u00e0 partir de 1300 NAD<\/h1>\n<p>[\/et_pb_text][et_pb_divider color=\u00a0\u00bb#4f5b27&Prime; divider_weight=\u00a0\u00bb1px\u00a0\u00bb _builder_version=\u00a0\u00bb4.16&Prime; background_enable_color=\u00a0\u00bboff\u00a0\u00bb width=\u00a0\u00bb10%\u00a0\u00bb module_alignment=\u00a0\u00bbleft\u00a0\u00bb custom_margin=\u00a0\u00bb||||false|false\u00a0\u00bb custom_padding=\u00a0\u00bb||||false|false\u00a0\u00bb global_colors_info=\u00a0\u00bb{}\u00a0\u00bb][\/et_pb_divider][et_pb_text _builder_version=\u00a0\u00bb4.16&Prime; global_colors_info=\u00a0\u00bb{}\u00a0\u00bb]<\/p>\n<p>Toutes nos chambres \u00ab\u00a0standard double\u00a0\u00bb entre 15 et 25 m\u00b2 et sont \u00e9quip\u00e9es de :<\/p>\n<ul>\n<li>Toilettes priv\u00e9es<\/li>\n<li>Douche priv\u00e9e<\/li>\n<li><span>Commodit\u00e9s et bouilloire<\/span><\/li>\n<li>DSTV<\/li>\n<li>Wifi gratuit<\/li>\n<li>Frigo<\/li>\n<li>Air conditionn\u00e9<\/li>\n<\/ul>\n<p>[\/et_pb_text][et_pb_text _builder_version=\u00a0\u00bb4.16&Prime; global_colors_info=\u00a0\u00bb{}\u00a0\u00bb]<\/p>\n<h3><strong>Galerie<\/strong><\/h3>\n<p>[\/et_pb_text][et_pb_divider color=\u00a0\u00bb#4f5b27&Prime; divider_weight=\u00a0\u00bb1px\u00a0\u00bb _builder_version=\u00a0\u00bb4.16&Prime; background_enable_color=\u00a0\u00bboff\u00a0\u00bb width=\u00a0\u00bb10%\u00a0\u00bb module_alignment=\u00a0\u00bbleft\u00a0\u00bb custom_margin=\u00a0\u00bb||||false|false\u00a0\u00bb custom_padding=\u00a0\u00bb||||false|false\u00a0\u00bb global_colors_info=\u00a0\u00bb{}\u00a0\u00bb][\/et_pb_divider][et_pb_gallery gallery_ids=\u00a0\u00bb229956,230297,230298,232148,232151,232145,232142,232073,83&Prime; gallery_orderby=\u00a0\u00bbrand\u00a0\u00bb posts_number=\u00a0\u00bb8&Prime; show_title_and_caption=\u00a0\u00bboff\u00a0\u00bb show_pagination=\u00a0\u00bboff\u00a0\u00bb _builder_version=\u00a0\u00bb4.25.2&Prime; custom_margin=\u00a0\u00bb||||false|false\u00a0\u00bb custom_padding=\u00a0\u00bb|||0px|false|false\u00a0\u00bb global_colors_info=\u00a0\u00bb{}\u00a0\u00bb][\/et_pb_gallery][\/et_pb_column][\/et_pb_row][\/et_pb_section]<\/p>\n","protected":false},"excerpt":{"rendered":"<p>Chambre standardChambre standard Pour 1 \u00e0 4 personnes &#8211; \u00e0 partir de 1300 NADToutes nos chambres \u00ab\u00a0standard double\u00a0\u00bb entre 15 et 25 m\u00b2 et sont \u00e9quip\u00e9es de : Toilettes priv\u00e9es Douche priv\u00e9e Commodit\u00e9s et bouilloire DSTV Wifi gratuit Frigo Air conditionn\u00e9 Galerie<\/p>\n","protected":false},"author":1,"featured_media":0,"parent":0,"menu_order":0,"comment_status":"closed","ping_status":"closed","template":"","meta":{"_et_pb_use_builder":"on","_et_pb_old_content":"<!-- wp:divi\/placeholder \/-->","_et_gb_content_width":"","_monsterinsights_skip_tracking":false,"_monsterinsights_sitenote_active":false,"_monsterinsights_sitenote_note":"","_monsterinsights_sitenote_category":0,"footnotes":""},"class_list":["post-229832","page","type-page","status-publish","hentry"],"_links":{"self":[{"href":"https:\/\/hadassaguesthouse.com\/fr\/wp-json\/wp\/v2\/pages\/229832","targetHints":{"allow":["GET"]}}],"collection":[{"href":"https:\/\/hadassaguesthouse.com\/fr\/wp-json\/wp\/v2\/pages"}],"about":[{"href":"https:\/\/hadassaguesthouse.com\/fr\/wp-json\/wp\/v2\/types\/page"}],"author":[{"embeddable":true,"href":"https:\/\/hadassaguesthouse.com\/fr\/wp-json\/wp\/v2\/users\/1"}],"replies":[{"embeddable":true,"href":"https:\/\/hadassaguesthouse.com\/fr\/wp-json\/wp\/v2\/comments?post=229832"}],"version-history":[{"count":7,"href":"https:\/\/hadassaguesthouse.com\/fr\/wp-json\/wp\/v2\/pages\/229832\/revisions"}],"predecessor-version":[{"id":232394,"href":"https:\/\/hadassaguesthouse.com\/fr\/wp-json\/wp\/v2\/pages\/229832\/revisions\/232394"}],"wp:attachment":[{"href":"https:\/\/hadassaguesthouse.com\/fr\/wp-json\/wp\/v2\/media?parent=229832"}],"curies":[{"name":"wp","href":"https:\/\/api.w.org\/{rel}","templated":true}]}}