{"id":229888,"date":"2020-03-02T17:24:17","date_gmt":"2020-03-02T16:24:17","guid":{"rendered":"http:\/\/www.upword.fr\/hadassa\/?page_id=229888"},"modified":"2020-06-30T14:11:24","modified_gmt":"2020-06-30T13:11:24","slug":"emplacement","status":"publish","type":"page","link":"https:\/\/hadassaguesthouse.com\/fr\/emplacement\/","title":{"rendered":"Emplacement"},"content":{"rendered":"<p>[et_pb_section fb_built=\u00a0\u00bb1&Prime; _builder_version=\u00a0\u00bb4.0.11&Prime; background_color=\u00a0\u00bb#4f5b27&Prime; background_image=\u00a0\u00bbhttp:\/\/hadassaguesthouse.com\/wp-content\/uploads\/2020\/03\/africa-1169995_1920.jpg\u00a0\u00bb custom_padding=\u00a0\u00bb100px||100px||false|false\u00a0\u00bb][et_pb_row _builder_version=\u00a0\u00bb4.0.11&Prime; module_alignment=\u00a0\u00bbcenter\u00a0\u00bb][et_pb_column type=\u00a0\u00bb4_4&Prime; _builder_version=\u00a0\u00bb4.0.11&Prime;][et_pb_text _builder_version=\u00a0\u00bb4.0.11&Prime; header_font=\u00a0\u00bb||||||||\u00a0\u00bb header_text_color=\u00a0\u00bb#ffffff\u00a0\u00bb header_font_size=\u00a0\u00bb56px\u00a0\u00bb header_line_height=\u00a0\u00bb1.1em\u00a0\u00bb header_text_shadow_style=\u00a0\u00bbpreset2&Prime; header_text_shadow_color=\u00a0\u00bb#000000&Prime; header_text_shadow_vertical_length__hover_enabled=\u00a0\u00bboff|desktop\u00a0\u00bb]<\/p>\n<h1 style=\"text-align: center;\"><\/h1>\n<h1 style=\"text-align: center;\"><strong>Comment venir \u00e0 <\/strong><\/h1>\n<h1 style=\"text-align: center;\"><strong>Hadassa Guest House ?<\/strong><\/h1>\n<p>[\/et_pb_text][\/et_pb_column][\/et_pb_row][\/et_pb_section][et_pb_section fb_built=\u00a0\u00bb1&Prime; _builder_version=\u00a0\u00bb4.0.11&Prime; custom_padding=\u00a0\u00bb29px||30px|||\u00a0\u00bb][et_pb_row _builder_version=\u00a0\u00bb4.0.11&Prime; width=\u00a0\u00bb60%\u00a0\u00bb module_alignment=\u00a0\u00bbcenter\u00a0\u00bb custom_margin=\u00a0\u00bb||||false|false\u00a0\u00bb custom_padding=\u00a0\u00bb50px||||false|false\u00a0\u00bb][et_pb_column type=\u00a0\u00bb4_4&Prime; _builder_version=\u00a0\u00bb4.0.11&Prime;][et_pb_text _builder_version=\u00a0\u00bb4.0.11&Prime; header_font=\u00a0\u00bb||||||||\u00a0\u00bb header_text_color=\u00a0\u00bb#000000&Prime; header_letter_spacing=\u00a0\u00bb2px\u00a0\u00bb header_3_font=\u00a0\u00bb|||on|||||\u00a0\u00bb header_3_text_color=\u00a0\u00bb#4f5b27&Prime; header_3_font_size=\u00a0\u00bb16px\u00a0\u00bb header_3_letter_spacing=\u00a0\u00bb4px\u00a0\u00bb]<\/p>\n<h3 style=\"text-align: center;\">EMPLACEMENT<\/h3>\n<h1 style=\"text-align: center;\">L&rsquo;\u00e9tape id\u00e9ale pendant votre voyage en Namibie<\/h1>\n<p>[\/et_pb_text][et_pb_divider color=\u00a0\u00bb#4f5b27&Prime; divider_weight=\u00a0\u00bb1px\u00a0\u00bb _builder_version=\u00a0\u00bb4.0.11&Prime; background_enable_color=\u00a0\u00bboff\u00a0\u00bb width=\u00a0\u00bb10%\u00a0\u00bb module_alignment=\u00a0\u00bbcenter\u00a0\u00bb custom_margin=\u00a0\u00bb||||false|false\u00a0\u00bb custom_padding=\u00a0\u00bb||||false|false\u00a0\u00bb][\/et_pb_divider][et_pb_text _builder_version=\u00a0\u00bb4.0.11&Prime;]<\/p>\n<p style=\"text-align: center;\">Que vous veniez du nord, du sud ou de l&rsquo;est de la Namibie, Hadassa Guest House vous accueillera toujours avec grand plaisir pendant votre tour de la Namibie.\u00a0<\/p>\n<p>[\/et_pb_text][\/et_pb_column][\/et_pb_row][\/et_pb_section][et_pb_section fb_built=\u00a0\u00bb1&Prime; _builder_version=\u00a0\u00bb4.0.11&Prime; custom_padding=\u00a0\u00bb30px|||||\u00a0\u00bb][et_pb_row _builder_version=\u00a0\u00bb4.4.8&Prime; custom_padding=\u00a0\u00bb0px|||||\u00a0\u00bb hover_enabled=\u00a0\u00bb0&Prime;][et_pb_column type=\u00a0\u00bb4_4&Prime; _builder_version=\u00a0\u00bb4.0.11&Prime;][et_pb_map address=\u00a0\u00bbLang Street, Otjiwarongo, Namibie\u00a0\u00bb zoom_level=\u00a0\u00bb16&Prime; address_lat=\u00a0\u00bb-20.474876536837&Prime; address_lng=\u00a0\u00bb16.653790520593&Prime; use_grayscale_filter=\u00a0\u00bbon\u00a0\u00bb _builder_version=\u00a0\u00bb4.4.8&Prime; hover_enabled=\u00a0\u00bb0&Prime;][et_pb_map_pin title=\u00a0\u00bbHadassa Guest House\u00a0\u00bb pin_address=\u00a0\u00bbLang Street, Otjiwarongo, Namibie\u00a0\u00bb pin_address_lat=\u00a0\u00bb-20.4748096&Prime; pin_address_lng=\u00a0\u00bb16.6540624&Prime; _builder_version=\u00a0\u00bb4.4.8&Prime; hover_enabled=\u00a0\u00bb0&Prime; zoom_level=\u00a0\u00bb18&Prime;][\/et_pb_map_pin][\/et_pb_map][et_pb_text _builder_version=\u00a0\u00bb4.0.11&Prime;]<\/p>\n<h3><strong>Depuis Windhoek B1<\/strong><\/h3>\n<p>Quand vous arrivez de Windhoek par la B1, en entrant dans la ville, prenez \u00e0 droite au premier rond point. En face de Out of Africa Lodge.<\/p>\n<ul>\n<li>En voiture : 2h30 &#8211; 250 km<\/li>\n<li>En bus : 3h05 &#8211; direct<\/li>\n<\/ul>\n<p>[\/et_pb_text][et_pb_text _builder_version=\u00a0\u00bb4.0.11&Prime;]<\/p>\n<h3><strong>Depuis Etosha (Outjo) C38<\/strong><\/h3>\n<p>Quand vous arrivez \u00e0 la premi\u00e8re intersection en entrant dans la ville, continuez jusqu&rsquo;\u00e0 l&rsquo;indication Hadassa Guest House. Tournez \u00e0 droite (Lang Street) et continuez jusqu&rsquo;au rond point. Continuez tout droit pendant 75 m ; vous \u00eates arriv\u00e9s.<\/p>\n<ul>\n<li>En voiture : 1h30 &#8211; 168 km<\/li>\n<\/ul>\n<p>[\/et_pb_text][et_pb_text _builder_version=\u00a0\u00bb4.4.7&Prime;]<\/p>\n<h3><strong>Depuis Etosha (Tsumeb) B1<\/strong><\/h3>\n<p>Traversez la ville par la rue principale (B1). A la sortie de la ville, prenez \u00e0 gauche au rond point. Nous sommes juste en face d&rsquo;Out of Africa Lodge.<\/p>\n<ul>\n<li>En voiture : 3h00<\/li>\n<\/ul>\n<p>[\/et_pb_text][et_pb_text _builder_version=\u00a0\u00bb4.0.11&Prime;]<\/p>\n<h3><strong>Depuis Omaruru C33<\/strong><\/h3>\n<p>Quand vous arrivez \u00e0 la premi\u00e8re intersection en entrant dans la ville, tournez \u00e0 droite. Continuez jusqu&rsquo;\u00e0 l&rsquo;indication Hadassa Guest House puis tournez \u00e0 droite (Lang Street). Continuez jusqu&rsquo;au rond point puis tout droit pendant 75 m.<\/p>\n<p>[\/et_pb_text][\/et_pb_column][\/et_pb_row][\/et_pb_section]<\/p>\n","protected":false},"excerpt":{"rendered":"<p>Comment venir \u00e0 Hadassa Guest House ?EMPLACEMENT L&rsquo;\u00e9tape id\u00e9ale pendant votre voyage en NamibieQue vous veniez du nord, du sud ou de l&rsquo;est de la Namibie, Hadassa Guest House vous accueillera toujours avec grand plaisir pendant votre tour de la Namibie.\u00a0Depuis Windhoek B1 Quand vous arrivez de Windhoek par la B1, en entrant dans la [&hellip;]<\/p>\n","protected":false},"author":1,"featured_media":0,"parent":0,"menu_order":0,"comment_status":"closed","ping_status":"closed","template":"","meta":{"_et_pb_use_builder":"on","_et_pb_old_content":"<!-- wp:divi\/placeholder \/-->","_et_gb_content_width":"","_monsterinsights_skip_tracking":false,"_monsterinsights_sitenote_active":false,"_monsterinsights_sitenote_note":"","_monsterinsights_sitenote_category":0,"footnotes":""},"class_list":["post-229888","page","type-page","status-publish","hentry"],"_links":{"self":[{"href":"https:\/\/hadassaguesthouse.com\/fr\/wp-json\/wp\/v2\/pages\/229888","targetHints":{"allow":["GET"]}}],"collection":[{"href":"https:\/\/hadassaguesthouse.com\/fr\/wp-json\/wp\/v2\/pages"}],"about":[{"href":"https:\/\/hadassaguesthouse.com\/fr\/wp-json\/wp\/v2\/types\/page"}],"author":[{"embeddable":true,"href":"https:\/\/hadassaguesthouse.com\/fr\/wp-json\/wp\/v2\/users\/1"}],"replies":[{"embeddable":true,"href":"https:\/\/hadassaguesthouse.com\/fr\/wp-json\/wp\/v2\/comments?post=229888"}],"version-history":[{"count":5,"href":"https:\/\/hadassaguesthouse.com\/fr\/wp-json\/wp\/v2\/pages\/229888\/revisions"}],"predecessor-version":[{"id":230923,"href":"https:\/\/hadassaguesthouse.com\/fr\/wp-json\/wp\/v2\/pages\/229888\/revisions\/230923"}],"wp:attachment":[{"href":"https:\/\/hadassaguesthouse.com\/fr\/wp-json\/wp\/v2\/media?parent=229888"}],"curies":[{"name":"wp","href":"https:\/\/api.w.org\/{rel}","templated":true}]}}