{"id":229988,"date":"2020-03-06T14:55:20","date_gmt":"2020-03-06T13:55:20","guid":{"rendered":"http:\/\/www.upword.fr\/hadassa\/?page_id=229988"},"modified":"2024-06-25T17:44:46","modified_gmt":"2024-06-25T16:44:46","slug":"detente","status":"publish","type":"page","link":"https:\/\/hadassaguesthouse.com\/fr\/detente\/","title":{"rendered":"D\u00e9tente"},"content":{"rendered":"<p>[et_pb_section fb_built=\u00a0\u00bb1&Prime; _builder_version=\u00a0\u00bb4.16&Prime; background_color=\u00a0\u00bb#606060&Prime; background_image=\u00a0\u00bbhttps:\/\/hadassaguesthouse.com\/wp-content\/uploads\/2020\/03\/K2R3272-scaled.jpg\u00a0\u00bb background_position=\u00a0\u00bbbottom_left\u00a0\u00bb custom_padding=\u00a0\u00bb100px||100px||false|false\u00a0\u00bb global_colors_info=\u00a0\u00bb{}\u00a0\u00bb][et_pb_row _builder_version=\u00a0\u00bb4.16&Prime; width=\u00a0\u00bb90%\u00a0\u00bb module_alignment=\u00a0\u00bbcenter\u00a0\u00bb global_colors_info=\u00a0\u00bb{}\u00a0\u00bb][et_pb_column type=\u00a0\u00bb4_4&Prime; _builder_version=\u00a0\u00bb4.16&Prime; global_colors_info=\u00a0\u00bb{}\u00a0\u00bb][et_pb_text _builder_version=\u00a0\u00bb4.16&Prime; header_font=\u00a0\u00bb||||||||\u00a0\u00bb header_text_color=\u00a0\u00bb#ffffff\u00a0\u00bb header_font_size=\u00a0\u00bb60px\u00a0\u00bb header_line_height=\u00a0\u00bb1.1em\u00a0\u00bb header_font_size_tablet=\u00a0\u00bb\u00a0\u00bb header_font_size_phone=\u00a0\u00bb40px\u00a0\u00bb header_font_size_last_edited=\u00a0\u00bbon|phone\u00a0\u00bb header_text_shadow_style=\u00a0\u00bbpreset2&Prime; header_text_shadow_color=\u00a0\u00bb#000000&Prime; global_colors_info=\u00a0\u00bb{}\u00a0\u00bb header_text_shadow_vertical_length__hover_enabled=\u00a0\u00bboff|desktop\u00a0\u00bb]<\/p>\n<h1 style=\"text-align: center;\"><strong>Profitez, vous \u00eates en Namibie<\/strong><\/h1>\n<p>[\/et_pb_text][\/et_pb_column][\/et_pb_row][\/et_pb_section][et_pb_section fb_built=\u00a0\u00bb1&Prime; _builder_version=\u00a0\u00bb4.16&Prime; global_colors_info=\u00a0\u00bb{}\u00a0\u00bb][et_pb_row _builder_version=\u00a0\u00bb4.16&Prime; width=\u00a0\u00bb60%\u00a0\u00bb module_alignment=\u00a0\u00bbcenter\u00a0\u00bb custom_margin=\u00a0\u00bb||||false|false\u00a0\u00bb custom_padding=\u00a0\u00bb50px||||false|false\u00a0\u00bb global_colors_info=\u00a0\u00bb{}\u00a0\u00bb][et_pb_column type=\u00a0\u00bb4_4&Prime; _builder_version=\u00a0\u00bb4.16&Prime; global_colors_info=\u00a0\u00bb{}\u00a0\u00bb][et_pb_text _builder_version=\u00a0\u00bb4.16&Prime; header_font=\u00a0\u00bb||||||||\u00a0\u00bb header_text_color=\u00a0\u00bb#000000&Prime; header_letter_spacing=\u00a0\u00bb2px\u00a0\u00bb header_3_font=\u00a0\u00bb|||on|||||\u00a0\u00bb header_3_text_color=\u00a0\u00bb#4f5b27&Prime; header_3_font_size=\u00a0\u00bb16px\u00a0\u00bb header_3_letter_spacing=\u00a0\u00bb4px\u00a0\u00bb global_colors_info=\u00a0\u00bb{}\u00a0\u00bb]<\/p>\n<h3 style=\"text-align: center;\">Nouveau<\/h3>\n<h1 style=\"text-align: center;\">Massage et Piscine Solaire<\/h1>\n<p>[\/et_pb_text][et_pb_divider color=\u00a0\u00bb#4f5b27&Prime; divider_weight=\u00a0\u00bb1px\u00a0\u00bb _builder_version=\u00a0\u00bb4.16&Prime; background_enable_color=\u00a0\u00bboff\u00a0\u00bb width=\u00a0\u00bb10%\u00a0\u00bb module_alignment=\u00a0\u00bbcenter\u00a0\u00bb custom_margin=\u00a0\u00bb||||false|false\u00a0\u00bb custom_padding=\u00a0\u00bb||||false|false\u00a0\u00bb global_colors_info=\u00a0\u00bb{}\u00a0\u00bb][\/et_pb_divider][\/et_pb_column][\/et_pb_row][et_pb_row column_structure=\u00a0\u00bb3_5,2_5&Prime; make_equal=\u00a0\u00bbon\u00a0\u00bb _builder_version=\u00a0\u00bb4.16&Prime; global_colors_info=\u00a0\u00bb{}\u00a0\u00bb][et_pb_column type=\u00a0\u00bb3_5&Prime; _builder_version=\u00a0\u00bb4.16&Prime; global_colors_info=\u00a0\u00bb{}\u00a0\u00bb][et_pb_text _builder_version=\u00a0\u00bb4.25.2&Prime; global_colors_info=\u00a0\u00bb{}\u00a0\u00bb]<\/p>\n<h2 style=\"text-align: left;\"><strong>Massage<\/strong><\/h2>\n<p>Apr\u00e8s un long vol ou une d\u00e9couverte de la Namibie sur des routes de gravier, trouvez un moment de d\u00e9tente et de bien-\u00eatre gr\u00e2ce \u00e0 la touche magique de Maria. Elle adaptera l&rsquo;intensit\u00e9 du massage r\u00e9alis\u00e9 selon vos souhaits. Experte dans l&rsquo;art du massage et de la lib\u00e9ration des tensions et du stress, son sourire et sa gaiet\u00e9 vous apporteront d\u00e9tente et bien-\u00eatre.<\/p>\n<p><strong>R\u00e9servez votre massage lors de la r\u00e9servation de votre chambre ou \u00e0 votre arriv\u00e9e \u00e0 la maison d&rsquo;h\u00f4tes.<\/strong><\/p>\n<p>&nbsp;<\/p>\n<h3>Tarifs :<\/h3>\n<ul>\n<li>Touch of Namibia (60 minutes) : 650 NAD<\/li>\n<li>Touch of Namibia (80 minutes) : 850 NAD<\/li>\n<li>Rungu africain (60 minutes) : 700 NAD<\/li>\n<li>Dos (30 minutes) : 350 NAD<\/li>\n<li>Dos (45 minutes) : 450 NAD<\/li>\n<li>Massage du cr\u00e2ne (30 minutes) : 300 NAD<\/li>\n<li>R\u00e9flexologie plantaire (30 minutes) : 350 NAD<\/li>\n<li>Pieds (60 minutes) : 450 NAD<\/li>\n<li>Voyage namibien (80 minutes) : 1000 NAD<\/li>\n<li>P\u00e9dicure, manucure (45 minutes) : 250 NAD<\/li>\n<li>Pierre chaude de Namibie (60 minutes) : 850 NAD<\/li>\n<\/ul>\n<p>&nbsp;<\/p>\n<p>[\/et_pb_text][\/et_pb_column][et_pb_column type=\u00a0\u00bb2_5&Prime; _builder_version=\u00a0\u00bb4.16&Prime; global_colors_info=\u00a0\u00bb{}\u00a0\u00bb][et_pb_image src=\u00a0\u00bbhttps:\/\/hadassaguesthouse.com\/wp-content\/uploads\/2020\/02\/MASSAGE-1-scaled-e1593524820746.jpg\u00a0\u00bb title_text=\u00a0\u00bbrpt\u00a0\u00bb _builder_version=\u00a0\u00bb4.16&Prime; _module_preset=\u00a0\u00bbdefault\u00a0\u00bb global_colors_info=\u00a0\u00bb{}\u00a0\u00bb][\/et_pb_image][\/et_pb_column][\/et_pb_row][et_pb_row column_structure=\u00a0\u00bb1_2,1_2&Prime; make_equal=\u00a0\u00bbon\u00a0\u00bb _builder_version=\u00a0\u00bb4.16&Prime; global_colors_info=\u00a0\u00bb{}\u00a0\u00bb][et_pb_column type=\u00a0\u00bb1_2&Prime; _builder_version=\u00a0\u00bb4.16&Prime; global_colors_info=\u00a0\u00bb{}\u00a0\u00bb][et_pb_image src=\u00a0\u00bbhttps:\/\/hadassaguesthouse.com\/wp-content\/uploads\/2020\/06\/20200609_095009-scaled.jpg\u00a0\u00bb title_text=\u00a0\u00bb20200609_095009&Prime; _builder_version=\u00a0\u00bb4.16&Prime; _module_preset=\u00a0\u00bbdefault\u00a0\u00bb global_colors_info=\u00a0\u00bb{}\u00a0\u00bb][\/et_pb_image][\/et_pb_column][et_pb_column type=\u00a0\u00bb1_2&Prime; _builder_version=\u00a0\u00bb4.16&Prime; global_colors_info=\u00a0\u00bb{}\u00a0\u00bb][et_pb_text _builder_version=\u00a0\u00bb4.25.2&Prime; global_colors_info=\u00a0\u00bb{}\u00a0\u00bb]<\/p>\n<h2><strong>Piscine et jardin<\/strong><\/h2>\n<p>Relaxez vous dans notre piscine au sel sans produits chimiques et chauff\u00e9e gr\u00e2ce \u00e0 l\u2019\u00e9nergie solaire.<\/p>\n<p>[\/et_pb_text][\/et_pb_column][\/et_pb_row][\/et_pb_section]<\/p>\n","protected":false},"excerpt":{"rendered":"<p>Profitez, vous \u00eates en NamibieNouveau Massage et Piscine SolaireMassage Apr\u00e8s un long vol ou une d\u00e9couverte de la Namibie sur des routes de gravier, trouvez un moment de d\u00e9tente et de bien-\u00eatre gr\u00e2ce \u00e0 la touche magique de Maria. Elle adaptera l&rsquo;intensit\u00e9 du massage r\u00e9alis\u00e9 selon vos souhaits. Experte dans l&rsquo;art du massage et de [&hellip;]<\/p>\n","protected":false},"author":1,"featured_media":0,"parent":0,"menu_order":0,"comment_status":"closed","ping_status":"closed","template":"","meta":{"_et_pb_use_builder":"on","_et_pb_old_content":"<!-- wp:divi\/placeholder \/-->","_et_gb_content_width":"","_monsterinsights_skip_tracking":false,"_monsterinsights_sitenote_active":false,"_monsterinsights_sitenote_note":"","_monsterinsights_sitenote_category":0,"footnotes":""},"class_list":["post-229988","page","type-page","status-publish","hentry"],"_links":{"self":[{"href":"https:\/\/hadassaguesthouse.com\/fr\/wp-json\/wp\/v2\/pages\/229988","targetHints":{"allow":["GET"]}}],"collection":[{"href":"https:\/\/hadassaguesthouse.com\/fr\/wp-json\/wp\/v2\/pages"}],"about":[{"href":"https:\/\/hadassaguesthouse.com\/fr\/wp-json\/wp\/v2\/types\/page"}],"author":[{"embeddable":true,"href":"https:\/\/hadassaguesthouse.com\/fr\/wp-json\/wp\/v2\/users\/1"}],"replies":[{"embeddable":true,"href":"https:\/\/hadassaguesthouse.com\/fr\/wp-json\/wp\/v2\/comments?post=229988"}],"version-history":[{"count":8,"href":"https:\/\/hadassaguesthouse.com\/fr\/wp-json\/wp\/v2\/pages\/229988\/revisions"}],"predecessor-version":[{"id":232302,"href":"https:\/\/hadassaguesthouse.com\/fr\/wp-json\/wp\/v2\/pages\/229988\/revisions\/232302"}],"wp:attachment":[{"href":"https:\/\/hadassaguesthouse.com\/fr\/wp-json\/wp\/v2\/media?parent=229988"}],"curies":[{"name":"wp","href":"https:\/\/api.w.org\/{rel}","templated":true}]}}